{"id":9969,"date":"2023-06-09T12:57:55","date_gmt":"2023-06-09T12:57:55","guid":{"rendered":"https:\/\/thesweetseria.com\/?post_type=product&#038;p=9969"},"modified":"2023-10-11T20:51:52","modified_gmt":"2023-10-11T20:51:52","slug":"cheetos-spirals-cheese-with-ketchup-145g","status":"publish","type":"product","link":"https:\/\/thesweetseria.com\/es\/producto\/cheetos-spirals-cheese-with-ketchup-145g\/","title":{"rendered":"cheetos Spirals cheese with ketchup 145g"},"content":{"rendered":"","protected":false},"excerpt":{"rendered":"<p>\u00a1Cheetos Spirals sabor Queso y Ketchup es un sabor europeo que no olvidar\u00e1s! \u00a1Prep\u00e1rate para obsesionarte con este sabor especial de Cheetos! Estas divertidas patatas fritas en espiral tambi\u00e9n est\u00e1n hechas de ma\u00edz y no se fr\u00eden.<\/p>","protected":false},"featured_media":9971,"comment_status":"open","ping_status":"closed","template":"","meta":{"nf_dc_page":"","inline_featured_image":false},"product_cat":[107],"product_tag":[],"class_list":{"0":"post-9969","1":"product","2":"type-product","3":"status-publish","4":"has-post-thumbnail","6":"product_cat-salty-snacks","8":"first","9":"outofstock","10":"taxable","11":"shipping-taxable","12":"purchasable","13":"product-type-simple"},"_links":{"self":[{"href":"https:\/\/thesweetseria.com\/es\/wp-json\/wp\/v2\/product\/9969","targetHints":{"allow":["GET"]}}],"collection":[{"href":"https:\/\/thesweetseria.com\/es\/wp-json\/wp\/v2\/product"}],"about":[{"href":"https:\/\/thesweetseria.com\/es\/wp-json\/wp\/v2\/types\/product"}],"replies":[{"embeddable":true,"href":"https:\/\/thesweetseria.com\/es\/wp-json\/wp\/v2\/comments?post=9969"}],"wp:featuredmedia":[{"embeddable":true,"href":"https:\/\/thesweetseria.com\/es\/wp-json\/wp\/v2\/media\/9971"}],"wp:attachment":[{"href":"https:\/\/thesweetseria.com\/es\/wp-json\/wp\/v2\/media?parent=9969"}],"wp:term":[{"taxonomy":"product_cat","embeddable":true,"href":"https:\/\/thesweetseria.com\/es\/wp-json\/wp\/v2\/product_cat?post=9969"},{"taxonomy":"product_tag","embeddable":true,"href":"https:\/\/thesweetseria.com\/es\/wp-json\/wp\/v2\/product_tag?post=9969"}],"curies":[{"name":"wp","href":"https:\/\/api.w.org\/{rel}","templated":true}]}}