{"id":9931,"date":"2023-05-31T20:38:47","date_gmt":"2023-05-31T20:38:47","guid":{"rendered":"https:\/\/thesweetseria.com\/?post_type=product&#038;p=9931"},"modified":"2023-11-15T17:34:05","modified_gmt":"2023-11-15T17:34:05","slug":"kellogs-unicorn-fruit-loops-375g","status":"publish","type":"product","link":"https:\/\/thesweetseria.com\/es\/producto\/kellogs-unicorn-fruit-loops-375g\/","title":{"rendered":"Kellog&#8217;s Unicorn Fruit Loops 375g"},"content":{"rendered":"","protected":false},"excerpt":{"rendered":"<p>Qu\u00e9 no te va a encantar de los sabores \u00fanicos de fruta de naranja, lim\u00f3n y lima y el crujiente dulce de trigo, avena y ma\u00edz. Los Froot Loops\u00ae Unicornio de Kellogg's\u00ae son sabrosos por naturaleza, sin colorantes ni saborizantes artificiales.<\/p>","protected":false},"featured_media":9937,"comment_status":"open","ping_status":"closed","template":"","meta":{"nf_dc_page":"","inline_featured_image":false},"product_cat":[111],"product_tag":[],"class_list":{"0":"post-9931","1":"product","2":"type-product","3":"status-publish","4":"has-post-thumbnail","6":"product_cat-cereal","8":"first","9":"outofstock","10":"taxable","11":"shipping-taxable","12":"purchasable","13":"product-type-simple"},"_links":{"self":[{"href":"https:\/\/thesweetseria.com\/es\/wp-json\/wp\/v2\/product\/9931","targetHints":{"allow":["GET"]}}],"collection":[{"href":"https:\/\/thesweetseria.com\/es\/wp-json\/wp\/v2\/product"}],"about":[{"href":"https:\/\/thesweetseria.com\/es\/wp-json\/wp\/v2\/types\/product"}],"replies":[{"embeddable":true,"href":"https:\/\/thesweetseria.com\/es\/wp-json\/wp\/v2\/comments?post=9931"}],"wp:featuredmedia":[{"embeddable":true,"href":"https:\/\/thesweetseria.com\/es\/wp-json\/wp\/v2\/media\/9937"}],"wp:attachment":[{"href":"https:\/\/thesweetseria.com\/es\/wp-json\/wp\/v2\/media?parent=9931"}],"wp:term":[{"taxonomy":"product_cat","embeddable":true,"href":"https:\/\/thesweetseria.com\/es\/wp-json\/wp\/v2\/product_cat?post=9931"},{"taxonomy":"product_tag","embeddable":true,"href":"https:\/\/thesweetseria.com\/es\/wp-json\/wp\/v2\/product_tag?post=9931"}],"curies":[{"name":"wp","href":"https:\/\/api.w.org\/{rel}","templated":true}]}}