{"id":9904,"date":"2023-05-30T12:07:37","date_gmt":"2023-05-30T12:07:37","guid":{"rendered":"https:\/\/thesweetseria.com\/?post_type=product&#038;p=9904"},"modified":"2024-03-20T17:07:25","modified_gmt":"2024-03-20T17:07:25","slug":"kitkat-chuncky-40g","status":"publish","type":"product","link":"https:\/\/thesweetseria.com\/es\/producto\/kitkat-chuncky-40g\/","title":{"rendered":"KitKat Chuncky 40g"},"content":{"rendered":"","protected":false},"excerpt":{"rendered":"<p>Esta barrita tiene el ic\u00f3nico y crujiente dedo de barquillo horneado ba\u00f1ado en espeso chocolate con leche elaborado con cacao 100% sostenible certificado, suministrado a trav\u00e9s del Nestl\u00e9 Cocoa Plan. Basta con desenvolverla, partir un trozo y saborear el delicioso y suave chocolate con leche.<\/p>","protected":false},"featured_media":9919,"comment_status":"open","ping_status":"closed","template":"","meta":{"nf_dc_page":"","inline_featured_image":false},"product_cat":[15],"product_tag":[],"class_list":{"0":"post-9904","1":"product","2":"type-product","3":"status-publish","4":"has-post-thumbnail","6":"product_cat-chocolate","8":"first","9":"outofstock","10":"taxable","11":"shipping-taxable","12":"purchasable","13":"product-type-simple"},"_links":{"self":[{"href":"https:\/\/thesweetseria.com\/es\/wp-json\/wp\/v2\/product\/9904","targetHints":{"allow":["GET"]}}],"collection":[{"href":"https:\/\/thesweetseria.com\/es\/wp-json\/wp\/v2\/product"}],"about":[{"href":"https:\/\/thesweetseria.com\/es\/wp-json\/wp\/v2\/types\/product"}],"replies":[{"embeddable":true,"href":"https:\/\/thesweetseria.com\/es\/wp-json\/wp\/v2\/comments?post=9904"}],"wp:featuredmedia":[{"embeddable":true,"href":"https:\/\/thesweetseria.com\/es\/wp-json\/wp\/v2\/media\/9919"}],"wp:attachment":[{"href":"https:\/\/thesweetseria.com\/es\/wp-json\/wp\/v2\/media?parent=9904"}],"wp:term":[{"taxonomy":"product_cat","embeddable":true,"href":"https:\/\/thesweetseria.com\/es\/wp-json\/wp\/v2\/product_cat?post=9904"},{"taxonomy":"product_tag","embeddable":true,"href":"https:\/\/thesweetseria.com\/es\/wp-json\/wp\/v2\/product_tag?post=9904"}],"curies":[{"name":"wp","href":"https:\/\/api.w.org\/{rel}","templated":true}]}}