{"id":9838,"date":"2023-05-15T21:24:10","date_gmt":"2023-05-15T21:24:10","guid":{"rendered":"https:\/\/thesweetseria.com\/?post_type=product&#038;p=9838"},"modified":"2023-05-27T17:09:09","modified_gmt":"2023-05-27T17:09:09","slug":"kitkat-cornflakes-330g","status":"publish","type":"product","link":"https:\/\/thesweetseria.com\/es\/producto\/kitkat-cornflakes-330g\/","title":{"rendered":"Kitkat Cornflakes 330g"},"content":{"rendered":"","protected":false},"excerpt":{"rendered":"<p>\u00a1SON DELICIOSAMENTE CRUJIENTES!<\/p>\n<p>Los cereales KitKat\u00ae son el complemento perfecto para tus ma\u00f1anas. Adem\u00e1s de ser tan sabrosos y achocolatados, estos cereales crujientes est\u00e1n hechos con cereales integrales y son una fuente de vitaminas y minerales. Adem\u00e1s, se elaboran con cacao procedente de fuentes sostenibles.<\/p>","protected":false},"featured_media":9843,"comment_status":"open","ping_status":"closed","template":"","meta":{"nf_dc_page":"","inline_featured_image":false},"product_cat":[15],"product_tag":[],"class_list":{"0":"post-9838","1":"product","2":"type-product","3":"status-publish","4":"has-post-thumbnail","6":"product_cat-chocolate","8":"first","9":"outofstock","10":"taxable","11":"shipping-taxable","12":"purchasable","13":"product-type-simple"},"_links":{"self":[{"href":"https:\/\/thesweetseria.com\/es\/wp-json\/wp\/v2\/product\/9838","targetHints":{"allow":["GET"]}}],"collection":[{"href":"https:\/\/thesweetseria.com\/es\/wp-json\/wp\/v2\/product"}],"about":[{"href":"https:\/\/thesweetseria.com\/es\/wp-json\/wp\/v2\/types\/product"}],"replies":[{"embeddable":true,"href":"https:\/\/thesweetseria.com\/es\/wp-json\/wp\/v2\/comments?post=9838"}],"wp:featuredmedia":[{"embeddable":true,"href":"https:\/\/thesweetseria.com\/es\/wp-json\/wp\/v2\/media\/9843"}],"wp:attachment":[{"href":"https:\/\/thesweetseria.com\/es\/wp-json\/wp\/v2\/media?parent=9838"}],"wp:term":[{"taxonomy":"product_cat","embeddable":true,"href":"https:\/\/thesweetseria.com\/es\/wp-json\/wp\/v2\/product_cat?post=9838"},{"taxonomy":"product_tag","embeddable":true,"href":"https:\/\/thesweetseria.com\/es\/wp-json\/wp\/v2\/product_tag?post=9838"}],"curies":[{"name":"wp","href":"https:\/\/api.w.org\/{rel}","templated":true}]}}