{"id":9823,"date":"2023-05-14T11:56:42","date_gmt":"2023-05-14T11:56:42","guid":{"rendered":"https:\/\/thesweetseria.com\/?post_type=product&#038;p=9823"},"modified":"2023-10-08T08:30:11","modified_gmt":"2023-10-08T08:30:11","slug":"fun-dip-lik-m-aid-39g","status":"publish","type":"product","link":"https:\/\/thesweetseria.com\/es\/producto\/fun-dip-lik-m-aid-39g\/","title":{"rendered":"Fun Dip Lik.m.aid 39g"},"content":{"rendered":"","protected":false},"excerpt":{"rendered":"<p>El encanto de Fun Dip es su car\u00e1cter l\u00fadico: la forma \u00fanica de comer este caramelo es una parte fundamental de toda la experiencia. Fun Dip nos recuerda que los caramelos pueden y deben ser divertidos. Alegre el d\u00eda de un alumno -o de un profesor- con una bolsita de Fun Dip escondida en fiambreras, bolsas de libros y maletines.<\/p>\n<p>&nbsp;<\/p>\n<p>Cada paquete contiene dos lik-a-stix y tres sabores de caramelos en polvo: Grape Yumptious Dip, Cherry Yum Diddly Dip y RazzApple Magic Dip.<\/p>","protected":false},"featured_media":9834,"comment_status":"open","ping_status":"closed","template":"","meta":{"nf_dc_page":"","inline_featured_image":false},"product_cat":[108],"product_tag":[],"class_list":{"0":"post-9823","1":"product","2":"type-product","3":"status-publish","4":"has-post-thumbnail","6":"product_cat-candies","8":"first","9":"outofstock","10":"taxable","11":"shipping-taxable","12":"purchasable","13":"product-type-simple"},"_links":{"self":[{"href":"https:\/\/thesweetseria.com\/es\/wp-json\/wp\/v2\/product\/9823","targetHints":{"allow":["GET"]}}],"collection":[{"href":"https:\/\/thesweetseria.com\/es\/wp-json\/wp\/v2\/product"}],"about":[{"href":"https:\/\/thesweetseria.com\/es\/wp-json\/wp\/v2\/types\/product"}],"replies":[{"embeddable":true,"href":"https:\/\/thesweetseria.com\/es\/wp-json\/wp\/v2\/comments?post=9823"}],"wp:featuredmedia":[{"embeddable":true,"href":"https:\/\/thesweetseria.com\/es\/wp-json\/wp\/v2\/media\/9834"}],"wp:attachment":[{"href":"https:\/\/thesweetseria.com\/es\/wp-json\/wp\/v2\/media?parent=9823"}],"wp:term":[{"taxonomy":"product_cat","embeddable":true,"href":"https:\/\/thesweetseria.com\/es\/wp-json\/wp\/v2\/product_cat?post=9823"},{"taxonomy":"product_tag","embeddable":true,"href":"https:\/\/thesweetseria.com\/es\/wp-json\/wp\/v2\/product_tag?post=9823"}],"curies":[{"name":"wp","href":"https:\/\/api.w.org\/{rel}","templated":true}]}}