{"id":9817,"date":"2023-05-14T11:47:40","date_gmt":"2023-05-14T11:47:40","guid":{"rendered":"https:\/\/thesweetseria.com\/?post_type=product&#038;p=9817"},"modified":"2023-12-21T16:35:08","modified_gmt":"2023-12-21T16:35:08","slug":"warheads-super-sour-gel-20g","status":"publish","type":"product","link":"https:\/\/thesweetseria.com\/es\/producto\/warheads-super-sour-gel-20g\/","title":{"rendered":"Warheads Super Sour Gel 20g"},"content":{"rendered":"","protected":false},"excerpt":{"rendered":"<p>Las bolsitas de gel s\u00faper \u00e1cido de Warheads son divertidas bolsitas que se pueden apretar, rellenas de un gel \u00e1cido con sabor a fruta. El capricho perfecto para todos los fans de los caramelos \u00e1cidos. Desde 1985, Warheads ha establecido el est\u00e1ndar de los caramelos \u00e1cidos.<\/p>","protected":false},"featured_media":9831,"comment_status":"open","ping_status":"closed","template":"","meta":{"nf_dc_page":"","inline_featured_image":false},"product_cat":[108],"product_tag":[],"class_list":{"0":"post-9817","1":"product","2":"type-product","3":"status-publish","4":"has-post-thumbnail","6":"product_cat-candies","8":"first","9":"outofstock","10":"taxable","11":"shipping-taxable","12":"purchasable","13":"product-type-simple"},"_links":{"self":[{"href":"https:\/\/thesweetseria.com\/es\/wp-json\/wp\/v2\/product\/9817","targetHints":{"allow":["GET"]}}],"collection":[{"href":"https:\/\/thesweetseria.com\/es\/wp-json\/wp\/v2\/product"}],"about":[{"href":"https:\/\/thesweetseria.com\/es\/wp-json\/wp\/v2\/types\/product"}],"replies":[{"embeddable":true,"href":"https:\/\/thesweetseria.com\/es\/wp-json\/wp\/v2\/comments?post=9817"}],"wp:featuredmedia":[{"embeddable":true,"href":"https:\/\/thesweetseria.com\/es\/wp-json\/wp\/v2\/media\/9831"}],"wp:attachment":[{"href":"https:\/\/thesweetseria.com\/es\/wp-json\/wp\/v2\/media?parent=9817"}],"wp:term":[{"taxonomy":"product_cat","embeddable":true,"href":"https:\/\/thesweetseria.com\/es\/wp-json\/wp\/v2\/product_cat?post=9817"},{"taxonomy":"product_tag","embeddable":true,"href":"https:\/\/thesweetseria.com\/es\/wp-json\/wp\/v2\/product_tag?post=9817"}],"curies":[{"name":"wp","href":"https:\/\/api.w.org\/{rel}","templated":true}]}}