{"id":9793,"date":"2023-05-09T13:51:06","date_gmt":"2023-05-09T13:51:06","guid":{"rendered":"https:\/\/thesweetseria.com\/?post_type=product&#038;p=9793"},"modified":"2024-04-02T18:50:44","modified_gmt":"2024-04-02T18:50:44","slug":"lucas-polvos-mango-y-chamoy-20g","status":"publish","type":"product","link":"https:\/\/thesweetseria.com\/es\/producto\/lucas-polvos-mango-y-chamoy-20g\/","title":{"rendered":"Lucas Polvos Mango y Chamoy 20g"},"content":{"rendered":"","protected":false},"excerpt":{"rendered":"<p>\u00a1El polvo para beb\u00e9 de Lucas est\u00e1 lleno de sorpresas! En esta presentaci\u00f3n, encontrar\u00e1s un tentador chile en polvo mezclado con uno de los sabores mexicanos m\u00e1s tradicionales: \u00a1Fruta Dulce de Mango! Este sabroso manjar ser\u00e1 el acompa\u00f1ante perfecto no s\u00f3lo para tus dulces mexicanos favoritos, \u00a1sino tambi\u00e9n para cualquier otra comida que desees! Su mezcla entre sabores dulces y \u00e1cidos puede ser una de las mejores representaciones de la cocina mexicana en formato para llevar.<\/p>\n<p>&nbsp;<\/p>\n<p>Savory Luca&#8217;s Mexican treat will offer you an amusing and savory candy, perfect for any occasion. Its blue colored recipient contains all the taste and essences of the Mango fruit. Its freshness and delicious aromas will delight your palate as soon as you rip out the Candy, and with the first bite, the mango flavor will combine with the salty Chili, blending inside your mouth! Just mouth-watering!<\/p>\n<p>&nbsp;<\/p>\n<p>Sus crujientes texturas tambi\u00e9n formar\u00e1n parte de la diversi\u00f3n. \u00a1Puedes estrujar el tentador polvo de chile o simplemente chuparlo hasta que se derrita suavemente sobre tu lengua!<\/p>","protected":false},"featured_media":9806,"comment_status":"open","ping_status":"closed","template":"","meta":{"nf_dc_page":"","inline_featured_image":false},"product_cat":[108],"product_tag":[],"class_list":{"0":"post-9793","1":"product","2":"type-product","3":"status-publish","4":"has-post-thumbnail","6":"product_cat-candies","8":"first","9":"outofstock","10":"taxable","11":"shipping-taxable","12":"purchasable","13":"product-type-simple"},"_links":{"self":[{"href":"https:\/\/thesweetseria.com\/es\/wp-json\/wp\/v2\/product\/9793","targetHints":{"allow":["GET"]}}],"collection":[{"href":"https:\/\/thesweetseria.com\/es\/wp-json\/wp\/v2\/product"}],"about":[{"href":"https:\/\/thesweetseria.com\/es\/wp-json\/wp\/v2\/types\/product"}],"replies":[{"embeddable":true,"href":"https:\/\/thesweetseria.com\/es\/wp-json\/wp\/v2\/comments?post=9793"}],"wp:featuredmedia":[{"embeddable":true,"href":"https:\/\/thesweetseria.com\/es\/wp-json\/wp\/v2\/media\/9806"}],"wp:attachment":[{"href":"https:\/\/thesweetseria.com\/es\/wp-json\/wp\/v2\/media?parent=9793"}],"wp:term":[{"taxonomy":"product_cat","embeddable":true,"href":"https:\/\/thesweetseria.com\/es\/wp-json\/wp\/v2\/product_cat?post=9793"},{"taxonomy":"product_tag","embeddable":true,"href":"https:\/\/thesweetseria.com\/es\/wp-json\/wp\/v2\/product_tag?post=9793"}],"curies":[{"name":"wp","href":"https:\/\/api.w.org\/{rel}","templated":true}]}}