{"id":9788,"date":"2023-05-09T13:36:10","date_gmt":"2023-05-09T13:36:10","guid":{"rendered":"https:\/\/thesweetseria.com\/?post_type=product&#038;p=9788"},"modified":"2025-12-20T11:49:40","modified_gmt":"2025-12-20T11:49:40","slug":"fruit-roll-ups-jolly-rancher-box-141g","status":"publish","type":"product","link":"https:\/\/thesweetseria.com\/es\/producto\/fruit-roll-ups-jolly-rancher-box-141g\/","title":{"rendered":"FRUIT ROLL-UPS JOLLY RANCHER Box 141g"},"content":{"rendered":"","protected":false},"excerpt":{"rendered":"<p>Jolly Rancher Fruit Roll-Ups Variety Pack es una colecci\u00f3n de 10 panecillos con sabor a fruta perfectos para satisfacer a los m\u00e1s golosos. Cada rollito est\u00e1 repleto de sabores intensos y afrutados inspirados en los cl\u00e1sicos caramelos duros Jolly Rancher. El pack variado incluye diferentes sabores como sand\u00eda, y manzana verde.<\/p>","protected":false},"featured_media":9801,"comment_status":"open","ping_status":"closed","template":"","meta":{"nf_dc_page":"","inline_featured_image":false},"product_cat":[108],"product_tag":[],"class_list":{"0":"post-9788","1":"product","2":"type-product","3":"status-publish","4":"has-post-thumbnail","6":"product_cat-candies","8":"first","9":"outofstock","10":"sale","11":"taxable","12":"shipping-taxable","13":"purchasable","14":"product-type-simple"},"_links":{"self":[{"href":"https:\/\/thesweetseria.com\/es\/wp-json\/wp\/v2\/product\/9788","targetHints":{"allow":["GET"]}}],"collection":[{"href":"https:\/\/thesweetseria.com\/es\/wp-json\/wp\/v2\/product"}],"about":[{"href":"https:\/\/thesweetseria.com\/es\/wp-json\/wp\/v2\/types\/product"}],"replies":[{"embeddable":true,"href":"https:\/\/thesweetseria.com\/es\/wp-json\/wp\/v2\/comments?post=9788"}],"wp:featuredmedia":[{"embeddable":true,"href":"https:\/\/thesweetseria.com\/es\/wp-json\/wp\/v2\/media\/9801"}],"wp:attachment":[{"href":"https:\/\/thesweetseria.com\/es\/wp-json\/wp\/v2\/media?parent=9788"}],"wp:term":[{"taxonomy":"product_cat","embeddable":true,"href":"https:\/\/thesweetseria.com\/es\/wp-json\/wp\/v2\/product_cat?post=9788"},{"taxonomy":"product_tag","embeddable":true,"href":"https:\/\/thesweetseria.com\/es\/wp-json\/wp\/v2\/product_tag?post=9788"}],"curies":[{"name":"wp","href":"https:\/\/api.w.org\/{rel}","templated":true}]}}