{"id":9635,"date":"2023-03-24T14:29:33","date_gmt":"2023-03-24T14:29:33","guid":{"rendered":"https:\/\/thesweetseria.com\/?post_type=product&#038;p=9635"},"modified":"2025-10-06T23:41:45","modified_gmt":"2025-10-06T23:41:45","slug":"mentos-rainbow-37g","status":"publish","type":"product","link":"https:\/\/thesweetseria.com\/es\/producto\/mentos-rainbow-37g\/","title":{"rendered":"Mentos Rainbow 37g"},"content":{"rendered":"","protected":false},"excerpt":{"rendered":"<p>Mentos lleva m\u00e1s de 80 a\u00f1os sirviendo sus deliciosos caramelos masticables. Rainbows lleva existiendo (de forma intermitente) mucho m\u00e1s tiempo, as\u00ed que pensamos que probablemente se refieran a la variedad de sabrosos sabores de este tubo: hay todo tipo de frutas.<\/p>","protected":false},"featured_media":9650,"comment_status":"open","ping_status":"closed","template":"","meta":{"nf_dc_page":"","inline_featured_image":false},"product_cat":[108],"product_tag":[],"class_list":{"0":"post-9635","1":"product","2":"type-product","3":"status-publish","4":"has-post-thumbnail","6":"product_cat-candies","8":"first","9":"instock","10":"taxable","11":"shipping-taxable","12":"purchasable","13":"product-type-simple"},"_links":{"self":[{"href":"https:\/\/thesweetseria.com\/es\/wp-json\/wp\/v2\/product\/9635","targetHints":{"allow":["GET"]}}],"collection":[{"href":"https:\/\/thesweetseria.com\/es\/wp-json\/wp\/v2\/product"}],"about":[{"href":"https:\/\/thesweetseria.com\/es\/wp-json\/wp\/v2\/types\/product"}],"replies":[{"embeddable":true,"href":"https:\/\/thesweetseria.com\/es\/wp-json\/wp\/v2\/comments?post=9635"}],"wp:featuredmedia":[{"embeddable":true,"href":"https:\/\/thesweetseria.com\/es\/wp-json\/wp\/v2\/media\/9650"}],"wp:attachment":[{"href":"https:\/\/thesweetseria.com\/es\/wp-json\/wp\/v2\/media?parent=9635"}],"wp:term":[{"taxonomy":"product_cat","embeddable":true,"href":"https:\/\/thesweetseria.com\/es\/wp-json\/wp\/v2\/product_cat?post=9635"},{"taxonomy":"product_tag","embeddable":true,"href":"https:\/\/thesweetseria.com\/es\/wp-json\/wp\/v2\/product_tag?post=9635"}],"curies":[{"name":"wp","href":"https:\/\/api.w.org\/{rel}","templated":true}]}}