{"id":9627,"date":"2023-03-20T17:25:42","date_gmt":"2023-03-20T17:25:42","guid":{"rendered":"https:\/\/thesweetseria.com\/?post_type=product&#038;p=9627"},"modified":"2024-03-31T20:48:50","modified_gmt":"2024-03-31T20:48:50","slug":"cheetos-pandilla-20g","status":"publish","type":"product","link":"https:\/\/thesweetseria.com\/es\/producto\/cheetos-pandilla-20g\/","title":{"rendered":"Cheetos Pandilla 20g"},"content":{"rendered":"","protected":false},"excerpt":{"rendered":"<p>Cheetos Pandilla: Una bolsa llena fantasmas de patata con aut\u00e9ntico sabor a queso. De miedo. Un snack terror\u00edficamente divertido y aterradoramente sabroso para los m\u00e1s valientes.<\/p>","protected":false},"featured_media":9628,"comment_status":"open","ping_status":"closed","template":"","meta":{"nf_dc_page":"","inline_featured_image":false},"product_cat":[107],"product_tag":[],"class_list":{"0":"post-9627","1":"product","2":"type-product","3":"status-publish","4":"has-post-thumbnail","6":"product_cat-salty-snacks","8":"first","9":"outofstock","10":"taxable","11":"shipping-taxable","12":"purchasable","13":"product-type-simple"},"_links":{"self":[{"href":"https:\/\/thesweetseria.com\/es\/wp-json\/wp\/v2\/product\/9627","targetHints":{"allow":["GET"]}}],"collection":[{"href":"https:\/\/thesweetseria.com\/es\/wp-json\/wp\/v2\/product"}],"about":[{"href":"https:\/\/thesweetseria.com\/es\/wp-json\/wp\/v2\/types\/product"}],"replies":[{"embeddable":true,"href":"https:\/\/thesweetseria.com\/es\/wp-json\/wp\/v2\/comments?post=9627"}],"wp:featuredmedia":[{"embeddable":true,"href":"https:\/\/thesweetseria.com\/es\/wp-json\/wp\/v2\/media\/9628"}],"wp:attachment":[{"href":"https:\/\/thesweetseria.com\/es\/wp-json\/wp\/v2\/media?parent=9627"}],"wp:term":[{"taxonomy":"product_cat","embeddable":true,"href":"https:\/\/thesweetseria.com\/es\/wp-json\/wp\/v2\/product_cat?post=9627"},{"taxonomy":"product_tag","embeddable":true,"href":"https:\/\/thesweetseria.com\/es\/wp-json\/wp\/v2\/product_tag?post=9627"}],"curies":[{"name":"wp","href":"https:\/\/api.w.org\/{rel}","templated":true}]}}