{"id":9590,"date":"2023-03-03T12:16:27","date_gmt":"2023-03-03T12:16:27","guid":{"rendered":"https:\/\/thesweetseria.com\/?post_type=product&#038;p=9590"},"modified":"2024-03-31T20:49:27","modified_gmt":"2024-03-31T20:49:27","slug":"cheetos-pelotazos-40g","status":"publish","type":"product","link":"https:\/\/thesweetseria.com\/es\/producto\/cheetos-pelotazos-40g\/","title":{"rendered":"Cheetos Pelotazos 40g"},"content":{"rendered":"","protected":false},"excerpt":{"rendered":"<p>Aut\u00e9nticos balones de f\u00fatbol hechos de ma\u00edz y aromatizados con queso. Un snack que despierta pasiones por su irresistible sabor y su original forma.<\/p>\n<p>&nbsp;<\/p>","protected":false},"featured_media":9591,"comment_status":"open","ping_status":"closed","template":"","meta":{"nf_dc_page":"","inline_featured_image":false},"product_cat":[107],"product_tag":[],"class_list":{"0":"post-9590","1":"product","2":"type-product","3":"status-publish","4":"has-post-thumbnail","6":"product_cat-salty-snacks","8":"first","9":"outofstock","10":"taxable","11":"shipping-taxable","12":"purchasable","13":"product-type-simple"},"_links":{"self":[{"href":"https:\/\/thesweetseria.com\/es\/wp-json\/wp\/v2\/product\/9590","targetHints":{"allow":["GET"]}}],"collection":[{"href":"https:\/\/thesweetseria.com\/es\/wp-json\/wp\/v2\/product"}],"about":[{"href":"https:\/\/thesweetseria.com\/es\/wp-json\/wp\/v2\/types\/product"}],"replies":[{"embeddable":true,"href":"https:\/\/thesweetseria.com\/es\/wp-json\/wp\/v2\/comments?post=9590"}],"wp:featuredmedia":[{"embeddable":true,"href":"https:\/\/thesweetseria.com\/es\/wp-json\/wp\/v2\/media\/9591"}],"wp:attachment":[{"href":"https:\/\/thesweetseria.com\/es\/wp-json\/wp\/v2\/media?parent=9590"}],"wp:term":[{"taxonomy":"product_cat","embeddable":true,"href":"https:\/\/thesweetseria.com\/es\/wp-json\/wp\/v2\/product_cat?post=9590"},{"taxonomy":"product_tag","embeddable":true,"href":"https:\/\/thesweetseria.com\/es\/wp-json\/wp\/v2\/product_tag?post=9590"}],"curies":[{"name":"wp","href":"https:\/\/api.w.org\/{rel}","templated":true}]}}