{"id":9548,"date":"2023-02-18T09:59:23","date_gmt":"2023-02-18T09:59:23","guid":{"rendered":"https:\/\/thesweetseria.com\/?post_type=product&#038;p=9548"},"modified":"2024-01-02T16:25:58","modified_gmt":"2024-01-02T16:25:58","slug":"herrs-jalapen%cc%83o-cheese-curls-113g","status":"publish","type":"product","link":"https:\/\/thesweetseria.com\/es\/producto\/herrs-jalapen%cc%83o-cheese-curls-113g\/","title":{"rendered":"Herr&#8217;s Jalapen\u0303o Cheese Curls 113g"},"content":{"rendered":"","protected":false},"excerpt":{"rendered":"<p>\u00bfBuscas un poco de picante en tu vida? Herr's te lo pone f\u00e1cil con sus Rizos de Queso con Sabor a Jalape\u00f1o. Estos rizos crujientes est\u00e1n hechos con queso de verdad y se infunden con la cantidad perfecta de chile jalape\u00f1o para darles un toque delicioso. Perfectos para picar sobre la marcha o en casa, los Rizos de Queso con Sabor a Jalape\u00f1o de Herr se convertir\u00e1n en tus nuevos favoritos. Hazte con una bolsa hoy mismo y prep\u00e1rate para disfrutar del calor.<\/p>","protected":false},"featured_media":9568,"comment_status":"open","ping_status":"closed","template":"","meta":{"nf_dc_page":"","inline_featured_image":false},"product_cat":[107],"product_tag":[],"class_list":{"0":"post-9548","1":"product","2":"type-product","3":"status-publish","4":"has-post-thumbnail","6":"product_cat-salty-snacks","8":"first","9":"outofstock","10":"sale","11":"taxable","12":"shipping-taxable","13":"purchasable","14":"product-type-simple"},"_links":{"self":[{"href":"https:\/\/thesweetseria.com\/es\/wp-json\/wp\/v2\/product\/9548","targetHints":{"allow":["GET"]}}],"collection":[{"href":"https:\/\/thesweetseria.com\/es\/wp-json\/wp\/v2\/product"}],"about":[{"href":"https:\/\/thesweetseria.com\/es\/wp-json\/wp\/v2\/types\/product"}],"replies":[{"embeddable":true,"href":"https:\/\/thesweetseria.com\/es\/wp-json\/wp\/v2\/comments?post=9548"}],"wp:featuredmedia":[{"embeddable":true,"href":"https:\/\/thesweetseria.com\/es\/wp-json\/wp\/v2\/media\/9568"}],"wp:attachment":[{"href":"https:\/\/thesweetseria.com\/es\/wp-json\/wp\/v2\/media?parent=9548"}],"wp:term":[{"taxonomy":"product_cat","embeddable":true,"href":"https:\/\/thesweetseria.com\/es\/wp-json\/wp\/v2\/product_cat?post=9548"},{"taxonomy":"product_tag","embeddable":true,"href":"https:\/\/thesweetseria.com\/es\/wp-json\/wp\/v2\/product_tag?post=9548"}],"curies":[{"name":"wp","href":"https:\/\/api.w.org\/{rel}","templated":true}]}}