{"id":9544,"date":"2023-02-18T09:41:37","date_gmt":"2023-02-18T09:41:37","guid":{"rendered":"https:\/\/thesweetseria.com\/?post_type=product&#038;p=9544"},"modified":"2023-12-17T17:45:09","modified_gmt":"2023-12-17T17:45:09","slug":"cinnamon-graham-toast-crunch-340g","status":"publish","type":"product","link":"https:\/\/thesweetseria.com\/es\/producto\/cinnamon-graham-toast-crunch-340g\/","title":{"rendered":"Cinnamon Graham Toast Crunch 340g"},"content":{"rendered":"","protected":false},"excerpt":{"rendered":"<p>Cinnagraham Toast Crunch es el \u00faltimo y delicioso cereal de desayuno con sabor a canela de Cinnamon Toast Crunch. Ahora puedes disfrutar del querido sabor dulce y meloso de las galletas graham con el ic\u00f3nico sabor a canela de Cinnamon Toast Crunch. Crujiente e irresistiblemente delicioso, es perfecto para la hora de la comida, la merienda o cualquier otro momento. Los cereales de desayuno Cinnagraham Toast Crunch est\u00e1n elaborados con cereales integrales y 12 vitaminas y minerales, lo que los convierte en un desayuno saludable para ni\u00f1os y adolescentes en edad de crecimiento. Si buscas una idea r\u00e1pida y f\u00e1cil para el desayuno de los ni\u00f1os, no hay nada m\u00e1s incre\u00edble que esto. S\u00f3lo tienes que servir un bol, echar un poco de leche y disfrutar. Y no te olvides de beber la Cinnamilk, la preciada leche que se encuentra en el fondo del bol de cereales. Disfr\u00fatala a cucharadas, a pu\u00f1ados o a bocados (oye, no juzgamos). Coge un pu\u00f1ado cuando salgas de casa, ll\u00e9vatelo en una caja para cuando est\u00e9s fuera, disfr\u00fatalo como tentempi\u00e9 antes de acostarte o ten una caja preparada para un tentempi\u00e9 a medianoche (o para la pr\u00f3xima fiesta de pijamas de tus hijos).<\/p>","protected":false},"featured_media":9561,"comment_status":"open","ping_status":"closed","template":"","meta":{"nf_dc_page":"","inline_featured_image":false},"product_cat":[111],"product_tag":[],"class_list":{"0":"post-9544","1":"product","2":"type-product","3":"status-publish","4":"has-post-thumbnail","6":"product_cat-cereal","8":"first","9":"outofstock","10":"taxable","11":"shipping-taxable","12":"purchasable","13":"product-type-simple"},"_links":{"self":[{"href":"https:\/\/thesweetseria.com\/es\/wp-json\/wp\/v2\/product\/9544","targetHints":{"allow":["GET"]}}],"collection":[{"href":"https:\/\/thesweetseria.com\/es\/wp-json\/wp\/v2\/product"}],"about":[{"href":"https:\/\/thesweetseria.com\/es\/wp-json\/wp\/v2\/types\/product"}],"replies":[{"embeddable":true,"href":"https:\/\/thesweetseria.com\/es\/wp-json\/wp\/v2\/comments?post=9544"}],"wp:featuredmedia":[{"embeddable":true,"href":"https:\/\/thesweetseria.com\/es\/wp-json\/wp\/v2\/media\/9561"}],"wp:attachment":[{"href":"https:\/\/thesweetseria.com\/es\/wp-json\/wp\/v2\/media?parent=9544"}],"wp:term":[{"taxonomy":"product_cat","embeddable":true,"href":"https:\/\/thesweetseria.com\/es\/wp-json\/wp\/v2\/product_cat?post=9544"},{"taxonomy":"product_tag","embeddable":true,"href":"https:\/\/thesweetseria.com\/es\/wp-json\/wp\/v2\/product_tag?post=9544"}],"curies":[{"name":"wp","href":"https:\/\/api.w.org\/{rel}","templated":true}]}}