{"id":9491,"date":"2023-01-29T18:52:26","date_gmt":"2023-01-29T18:52:26","guid":{"rendered":"https:\/\/thesweetseria.com\/?post_type=product&#038;p=9491"},"modified":"2025-12-16T12:27:52","modified_gmt":"2025-12-16T12:27:52","slug":"coca-cola-british-columbia-raspberry-355ml","status":"publish","type":"product","link":"https:\/\/thesweetseria.com\/es\/producto\/coca-cola-british-columbia-raspberry-355ml\/","title":{"rendered":"Coca-Cola British Columbia Raspberry 355ml"},"content":{"rendered":"","protected":false},"excerpt":{"rendered":"<p>Cuando las tiendas de refrescos empezaron a a\u00f1adir sabrosos sabores locales a la receta original de Coca-Cola\u00ae del Dr. Pemberton, se abri\u00f3 un mundo de posibilidades. Eso es lo que inspir\u00f3 a Coca-Cola a presentar al mundo las frambuesas de la Columbia Brit\u00e1nica. Un sabor de cosecha propia tan \u00fanico como el terreno en el que se cultivan.<\/p>","protected":false},"featured_media":9504,"comment_status":"open","ping_status":"closed","template":"","meta":{"nf_dc_page":"","inline_featured_image":false},"product_cat":[90],"product_tag":[],"class_list":{"0":"post-9491","1":"product","2":"type-product","3":"status-publish","4":"has-post-thumbnail","6":"product_cat-drinks","8":"first","9":"outofstock","10":"taxable","11":"shipping-taxable","12":"purchasable","13":"product-type-simple"},"_links":{"self":[{"href":"https:\/\/thesweetseria.com\/es\/wp-json\/wp\/v2\/product\/9491","targetHints":{"allow":["GET"]}}],"collection":[{"href":"https:\/\/thesweetseria.com\/es\/wp-json\/wp\/v2\/product"}],"about":[{"href":"https:\/\/thesweetseria.com\/es\/wp-json\/wp\/v2\/types\/product"}],"replies":[{"embeddable":true,"href":"https:\/\/thesweetseria.com\/es\/wp-json\/wp\/v2\/comments?post=9491"}],"wp:featuredmedia":[{"embeddable":true,"href":"https:\/\/thesweetseria.com\/es\/wp-json\/wp\/v2\/media\/9504"}],"wp:attachment":[{"href":"https:\/\/thesweetseria.com\/es\/wp-json\/wp\/v2\/media?parent=9491"}],"wp:term":[{"taxonomy":"product_cat","embeddable":true,"href":"https:\/\/thesweetseria.com\/es\/wp-json\/wp\/v2\/product_cat?post=9491"},{"taxonomy":"product_tag","embeddable":true,"href":"https:\/\/thesweetseria.com\/es\/wp-json\/wp\/v2\/product_tag?post=9491"}],"curies":[{"name":"wp","href":"https:\/\/api.w.org\/{rel}","templated":true}]}}