{"id":9400,"date":"2023-01-09T10:52:59","date_gmt":"2023-01-09T10:52:59","guid":{"rendered":"https:\/\/thesweetseria.com\/?post_type=product&#038;p=9400"},"modified":"2024-10-15T15:33:32","modified_gmt":"2024-10-15T15:33:32","slug":"capn-crunch-peanut-butter-crunch-360g","status":"publish","type":"product","link":"https:\/\/thesweetseria.com\/es\/producto\/capn-crunch-peanut-butter-crunch-360g\/","title":{"rendered":"Cap\u2019n Crunch Crunch Berries 360g"},"content":{"rendered":"","protected":false},"excerpt":{"rendered":"<p>Haz vibrar tus papilas gustativas con el crujiente sabor de las bayas. Cap'n Crunch's Crunch Berries\u00ae toma el crujiente original que te encanta y le a\u00f1ade r\u00e1fagas de colorido sabor a bayas. Coge una caja y vete a la ciudad... tu boca te lo agradecer\u00e1.<\/p>","protected":false},"featured_media":9401,"comment_status":"open","ping_status":"closed","template":"","meta":{"nf_dc_page":"","inline_featured_image":false},"product_cat":[111],"product_tag":[],"class_list":{"0":"post-9400","1":"product","2":"type-product","3":"status-publish","4":"has-post-thumbnail","6":"product_cat-cereal","8":"first","9":"outofstock","10":"taxable","11":"shipping-taxable","12":"purchasable","13":"product-type-simple"},"_links":{"self":[{"href":"https:\/\/thesweetseria.com\/es\/wp-json\/wp\/v2\/product\/9400","targetHints":{"allow":["GET"]}}],"collection":[{"href":"https:\/\/thesweetseria.com\/es\/wp-json\/wp\/v2\/product"}],"about":[{"href":"https:\/\/thesweetseria.com\/es\/wp-json\/wp\/v2\/types\/product"}],"replies":[{"embeddable":true,"href":"https:\/\/thesweetseria.com\/es\/wp-json\/wp\/v2\/comments?post=9400"}],"wp:featuredmedia":[{"embeddable":true,"href":"https:\/\/thesweetseria.com\/es\/wp-json\/wp\/v2\/media\/9401"}],"wp:attachment":[{"href":"https:\/\/thesweetseria.com\/es\/wp-json\/wp\/v2\/media?parent=9400"}],"wp:term":[{"taxonomy":"product_cat","embeddable":true,"href":"https:\/\/thesweetseria.com\/es\/wp-json\/wp\/v2\/product_cat?post=9400"},{"taxonomy":"product_tag","embeddable":true,"href":"https:\/\/thesweetseria.com\/es\/wp-json\/wp\/v2\/product_tag?post=9400"}],"curies":[{"name":"wp","href":"https:\/\/api.w.org\/{rel}","templated":true}]}}