{"id":9180,"date":"2022-12-07T11:51:22","date_gmt":"2022-12-07T11:51:22","guid":{"rendered":"https:\/\/thesweetseria.com\/?post_type=product&#038;p=9180"},"modified":"2023-05-24T10:58:21","modified_gmt":"2023-05-24T10:58:21","slug":"gushers-super-sour-6-pack-153g","status":"publish","type":"product","link":"https:\/\/thesweetseria.com\/es\/producto\/gushers-super-sour-6-pack-153g\/","title":{"rendered":"Gushers Super Sour 6 pack 153g"},"content":{"rendered":"","protected":false},"excerpt":{"rendered":"<p>Cada Gusher tiene una cubierta exterior masticable y un centro l\u00edquido deliciosamente s\u00faper \u00e1cido. Los sabores incluyen baya mixta, uva ar\u00e1ndano y limonada de frambuesa. Estos bocados masticables y pegajosos no contienen gluten ni grasas trans.<\/p>","protected":false},"featured_media":9181,"comment_status":"open","ping_status":"closed","template":"","meta":{"nf_dc_page":"","inline_featured_image":false},"product_cat":[108],"product_tag":[],"class_list":{"0":"post-9180","1":"product","2":"type-product","3":"status-publish","4":"has-post-thumbnail","6":"product_cat-candies","8":"first","9":"outofstock","10":"taxable","11":"shipping-taxable","12":"purchasable","13":"product-type-simple"},"_links":{"self":[{"href":"https:\/\/thesweetseria.com\/es\/wp-json\/wp\/v2\/product\/9180","targetHints":{"allow":["GET"]}}],"collection":[{"href":"https:\/\/thesweetseria.com\/es\/wp-json\/wp\/v2\/product"}],"about":[{"href":"https:\/\/thesweetseria.com\/es\/wp-json\/wp\/v2\/types\/product"}],"replies":[{"embeddable":true,"href":"https:\/\/thesweetseria.com\/es\/wp-json\/wp\/v2\/comments?post=9180"}],"wp:featuredmedia":[{"embeddable":true,"href":"https:\/\/thesweetseria.com\/es\/wp-json\/wp\/v2\/media\/9181"}],"wp:attachment":[{"href":"https:\/\/thesweetseria.com\/es\/wp-json\/wp\/v2\/media?parent=9180"}],"wp:term":[{"taxonomy":"product_cat","embeddable":true,"href":"https:\/\/thesweetseria.com\/es\/wp-json\/wp\/v2\/product_cat?post=9180"},{"taxonomy":"product_tag","embeddable":true,"href":"https:\/\/thesweetseria.com\/es\/wp-json\/wp\/v2\/product_tag?post=9180"}],"curies":[{"name":"wp","href":"https:\/\/api.w.org\/{rel}","templated":true}]}}