{"id":9171,"date":"2022-12-07T11:46:33","date_gmt":"2022-12-07T11:46:33","guid":{"rendered":"https:\/\/thesweetseria.com\/?post_type=product&#038;p=9171"},"modified":"2024-02-27T16:38:08","modified_gmt":"2024-02-27T16:38:08","slug":"gatorade-frost-glacier-cherry-591ml","status":"publish","type":"product","link":"https:\/\/thesweetseria.com\/es\/producto\/gatorade-frost-glacier-cherry-591ml\/","title":{"rendered":"Gatorade Frost Glacier Cherry 591ml"},"content":{"rendered":"","protected":false},"excerpt":{"rendered":"<p>El \u00fanico. Con un legado de m\u00e1s de 50 a\u00f1os, es la forma m\u00e1s cient\u00edficamente investigada y probada para reemplazar los electrolitos perdidos en el sudor. Gatorade Frost tiene un sabor ligero y crujiente y est\u00e1 hecho para mantenerte hidratado, por eso conf\u00edan en \u00e9l algunos de los mejores atletas del mundo. \u00a1Sabor Cereza Glaciar!<\/p>","protected":false},"featured_media":9173,"comment_status":"open","ping_status":"closed","template":"","meta":{"nf_dc_page":"","inline_featured_image":false},"product_cat":[90],"product_tag":[],"class_list":{"0":"post-9171","1":"product","2":"type-product","3":"status-publish","4":"has-post-thumbnail","6":"product_cat-drinks","8":"first","9":"outofstock","10":"taxable","11":"shipping-taxable","12":"purchasable","13":"product-type-simple"},"_links":{"self":[{"href":"https:\/\/thesweetseria.com\/es\/wp-json\/wp\/v2\/product\/9171","targetHints":{"allow":["GET"]}}],"collection":[{"href":"https:\/\/thesweetseria.com\/es\/wp-json\/wp\/v2\/product"}],"about":[{"href":"https:\/\/thesweetseria.com\/es\/wp-json\/wp\/v2\/types\/product"}],"replies":[{"embeddable":true,"href":"https:\/\/thesweetseria.com\/es\/wp-json\/wp\/v2\/comments?post=9171"}],"wp:featuredmedia":[{"embeddable":true,"href":"https:\/\/thesweetseria.com\/es\/wp-json\/wp\/v2\/media\/9173"}],"wp:attachment":[{"href":"https:\/\/thesweetseria.com\/es\/wp-json\/wp\/v2\/media?parent=9171"}],"wp:term":[{"taxonomy":"product_cat","embeddable":true,"href":"https:\/\/thesweetseria.com\/es\/wp-json\/wp\/v2\/product_cat?post=9171"},{"taxonomy":"product_tag","embeddable":true,"href":"https:\/\/thesweetseria.com\/es\/wp-json\/wp\/v2\/product_tag?post=9171"}],"curies":[{"name":"wp","href":"https:\/\/api.w.org\/{rel}","templated":true}]}}