{"id":9169,"date":"2022-12-07T11:44:05","date_gmt":"2022-12-07T11:44:05","guid":{"rendered":"https:\/\/thesweetseria.com\/?post_type=product&#038;p=9169"},"modified":"2025-12-20T11:49:52","modified_gmt":"2025-12-20T11:49:52","slug":"fruit-roll-ups-tropical-tie-dye-10-pack-141g","status":"publish","type":"product","link":"https:\/\/thesweetseria.com\/es\/producto\/fruit-roll-ups-tropical-tie-dye-10-pack-141g\/","title":{"rendered":"Fruit Roll-Ups Tropical Tie Dye 10 Pack 141g"},"content":{"rendered":"","protected":false},"excerpt":{"rendered":"<p>Estos snacks de fruta rebosan de delicioso sabor tropical para excitar las papilas gustativas. Las tiras de fruta envueltas individualmente facilitan el consumo de Fruit Roll-Ups en cualquier momento y lugar. D\u00f3blalo, g\u00edralo, r\u00f3mpelo o estr\u00fajalo, t\u00fa eliges: comer un snack Fruit Roll-Ups no s\u00f3lo es delicioso, \u00a1es divertido!<\/p>","protected":false},"featured_media":9170,"comment_status":"open","ping_status":"closed","template":"","meta":{"nf_dc_page":"","inline_featured_image":false},"product_cat":[108],"product_tag":[],"class_list":{"0":"post-9169","1":"product","2":"type-product","3":"status-publish","4":"has-post-thumbnail","6":"product_cat-candies","8":"first","9":"outofstock","10":"sale","11":"taxable","12":"shipping-taxable","13":"purchasable","14":"product-type-simple"},"_links":{"self":[{"href":"https:\/\/thesweetseria.com\/es\/wp-json\/wp\/v2\/product\/9169","targetHints":{"allow":["GET"]}}],"collection":[{"href":"https:\/\/thesweetseria.com\/es\/wp-json\/wp\/v2\/product"}],"about":[{"href":"https:\/\/thesweetseria.com\/es\/wp-json\/wp\/v2\/types\/product"}],"replies":[{"embeddable":true,"href":"https:\/\/thesweetseria.com\/es\/wp-json\/wp\/v2\/comments?post=9169"}],"wp:featuredmedia":[{"embeddable":true,"href":"https:\/\/thesweetseria.com\/es\/wp-json\/wp\/v2\/media\/9170"}],"wp:attachment":[{"href":"https:\/\/thesweetseria.com\/es\/wp-json\/wp\/v2\/media?parent=9169"}],"wp:term":[{"taxonomy":"product_cat","embeddable":true,"href":"https:\/\/thesweetseria.com\/es\/wp-json\/wp\/v2\/product_cat?post=9169"},{"taxonomy":"product_tag","embeddable":true,"href":"https:\/\/thesweetseria.com\/es\/wp-json\/wp\/v2\/product_tag?post=9169"}],"curies":[{"name":"wp","href":"https:\/\/api.w.org\/{rel}","templated":true}]}}