{"id":9163,"date":"2022-12-07T11:38:53","date_gmt":"2022-12-07T11:38:53","guid":{"rendered":"https:\/\/thesweetseria.com\/?post_type=product&#038;p=9163"},"modified":"2025-01-11T14:13:06","modified_gmt":"2025-01-11T14:13:06","slug":"new-york-seltzer-vanilla-cream-soda-296ml","status":"publish","type":"product","link":"https:\/\/thesweetseria.com\/es\/producto\/new-york-seltzer-vanilla-cream-soda-296ml\/","title":{"rendered":"New York Seltzer Vanilla Cream Soda 296ml"},"content":{"rendered":"","protected":false},"excerpt":{"rendered":"<p>La crema de vainilla Seltzer original de Nueva York, elaborada con sabores naturales, az\u00facar de ca\u00f1a, baja en calor\u00edas, kosher y es un producto natural. Producida en la misma planta de fabricaci\u00f3n despu\u00e9s de que la receta se perdiera durante 25 a\u00f1os, esta marca ic\u00f3nica ha vuelto. No s\u00f3lo sabe tan bien como lo hizo durante 25 a\u00f1os, sino que es m\u00e1s saludable para usted y una gran alternativa a otras bebidas altamente azucaradas.<\/p>\n<p>&nbsp;<\/p>\n<p>&nbsp;<\/p>\n<p>&nbsp;<\/p>\n<p>&nbsp;<\/p>\n<p>&nbsp;<\/p>","protected":false},"featured_media":9164,"comment_status":"open","ping_status":"closed","template":"","meta":{"nf_dc_page":"","inline_featured_image":false},"product_cat":[90],"product_tag":[],"class_list":{"0":"post-9163","1":"product","2":"type-product","3":"status-publish","4":"has-post-thumbnail","6":"product_cat-drinks","8":"first","9":"outofstock","10":"sale","11":"taxable","12":"shipping-taxable","13":"purchasable","14":"product-type-simple"},"_links":{"self":[{"href":"https:\/\/thesweetseria.com\/es\/wp-json\/wp\/v2\/product\/9163","targetHints":{"allow":["GET"]}}],"collection":[{"href":"https:\/\/thesweetseria.com\/es\/wp-json\/wp\/v2\/product"}],"about":[{"href":"https:\/\/thesweetseria.com\/es\/wp-json\/wp\/v2\/types\/product"}],"replies":[{"embeddable":true,"href":"https:\/\/thesweetseria.com\/es\/wp-json\/wp\/v2\/comments?post=9163"}],"wp:featuredmedia":[{"embeddable":true,"href":"https:\/\/thesweetseria.com\/es\/wp-json\/wp\/v2\/media\/9164"}],"wp:attachment":[{"href":"https:\/\/thesweetseria.com\/es\/wp-json\/wp\/v2\/media?parent=9163"}],"wp:term":[{"taxonomy":"product_cat","embeddable":true,"href":"https:\/\/thesweetseria.com\/es\/wp-json\/wp\/v2\/product_cat?post=9163"},{"taxonomy":"product_tag","embeddable":true,"href":"https:\/\/thesweetseria.com\/es\/wp-json\/wp\/v2\/product_tag?post=9163"}],"curies":[{"name":"wp","href":"https:\/\/api.w.org\/{rel}","templated":true}]}}