{"id":9159,"date":"2022-12-07T11:35:36","date_gmt":"2022-12-07T11:35:36","guid":{"rendered":"https:\/\/thesweetseria.com\/?post_type=product&#038;p=9159"},"modified":"2025-04-23T18:08:49","modified_gmt":"2025-04-23T18:08:49","slug":"new-york-seltzer-peach-soda-296ml","status":"publish","type":"product","link":"https:\/\/thesweetseria.com\/es\/producto\/new-york-seltzer-peach-soda-296ml\/","title":{"rendered":"New York Seltzer Peach Soda 296ml"},"content":{"rendered":"","protected":false},"excerpt":{"rendered":"<p>El Seltzer Peach original de Nueva York, elaborado con sabores naturales, az\u00facar de ca\u00f1a, bajo en calor\u00edas, kosher y es un producto natural. Producido en la misma planta de fabricaci\u00f3n despu\u00e9s de que la receta se perdiera durante 25 a\u00f1os, esta marca ic\u00f3nica est\u00e1 de vuelta. No s\u00f3lo sabe tan bien como lo hizo durante 25 a\u00f1os, sino que es m\u00e1s saludable para usted y una gran alternativa a otras bebidas altamente azucaradas.<\/p>\n<p>&nbsp;<\/p>\n<p>&nbsp;<\/p>\n<p>&nbsp;<\/p>","protected":false},"featured_media":9160,"comment_status":"open","ping_status":"closed","template":"","meta":{"nf_dc_page":"","inline_featured_image":false},"product_cat":[90],"product_tag":[],"class_list":{"0":"post-9159","1":"product","2":"type-product","3":"status-publish","4":"has-post-thumbnail","6":"product_cat-drinks","8":"first","9":"outofstock","10":"sale","11":"taxable","12":"shipping-taxable","13":"purchasable","14":"product-type-simple"},"_links":{"self":[{"href":"https:\/\/thesweetseria.com\/es\/wp-json\/wp\/v2\/product\/9159","targetHints":{"allow":["GET"]}}],"collection":[{"href":"https:\/\/thesweetseria.com\/es\/wp-json\/wp\/v2\/product"}],"about":[{"href":"https:\/\/thesweetseria.com\/es\/wp-json\/wp\/v2\/types\/product"}],"replies":[{"embeddable":true,"href":"https:\/\/thesweetseria.com\/es\/wp-json\/wp\/v2\/comments?post=9159"}],"wp:featuredmedia":[{"embeddable":true,"href":"https:\/\/thesweetseria.com\/es\/wp-json\/wp\/v2\/media\/9160"}],"wp:attachment":[{"href":"https:\/\/thesweetseria.com\/es\/wp-json\/wp\/v2\/media?parent=9159"}],"wp:term":[{"taxonomy":"product_cat","embeddable":true,"href":"https:\/\/thesweetseria.com\/es\/wp-json\/wp\/v2\/product_cat?post=9159"},{"taxonomy":"product_tag","embeddable":true,"href":"https:\/\/thesweetseria.com\/es\/wp-json\/wp\/v2\/product_tag?post=9159"}],"curies":[{"name":"wp","href":"https:\/\/api.w.org\/{rel}","templated":true}]}}