{"id":9148,"date":"2022-12-07T11:22:10","date_gmt":"2022-12-07T11:22:10","guid":{"rendered":"https:\/\/thesweetseria.com\/?post_type=product&#038;p=9148"},"modified":"2023-10-23T16:10:46","modified_gmt":"2023-10-23T16:10:46","slug":"new-york-seltzer-black-cherry-soda-296ml","status":"publish","type":"product","link":"https:\/\/thesweetseria.com\/es\/producto\/new-york-seltzer-black-cherry-soda-296ml\/","title":{"rendered":"New York Seltzer Black Cherry Soda 296ml"},"content":{"rendered":"","protected":false},"excerpt":{"rendered":"<p>Cereza negra Seltzer original de Nueva York, hecha de sabores naturales, az\u00facar de ca\u00f1a, baja en calor\u00edas, kosher y es un producto natural. Producida en la misma planta de fabricaci\u00f3n despu\u00e9s de que la receta se perdiera durante 25 a\u00f1os, esta ic\u00f3nica marca est\u00e1 de vuelta. No solo sabe tan bien como lo hizo durante 25 a\u00f1os, sino que es m\u00e1s saludable para ti y una gran alternativa a otras bebidas muy azucaradas.<\/p>","protected":false},"featured_media":9149,"comment_status":"open","ping_status":"closed","template":"","meta":{"nf_dc_page":"","inline_featured_image":false},"product_cat":[90],"product_tag":[],"class_list":{"0":"post-9148","1":"product","2":"type-product","3":"status-publish","4":"has-post-thumbnail","6":"product_cat-drinks","8":"first","9":"outofstock","10":"sale","11":"taxable","12":"shipping-taxable","13":"purchasable","14":"product-type-simple"},"_links":{"self":[{"href":"https:\/\/thesweetseria.com\/es\/wp-json\/wp\/v2\/product\/9148","targetHints":{"allow":["GET"]}}],"collection":[{"href":"https:\/\/thesweetseria.com\/es\/wp-json\/wp\/v2\/product"}],"about":[{"href":"https:\/\/thesweetseria.com\/es\/wp-json\/wp\/v2\/types\/product"}],"replies":[{"embeddable":true,"href":"https:\/\/thesweetseria.com\/es\/wp-json\/wp\/v2\/comments?post=9148"}],"wp:featuredmedia":[{"embeddable":true,"href":"https:\/\/thesweetseria.com\/es\/wp-json\/wp\/v2\/media\/9149"}],"wp:attachment":[{"href":"https:\/\/thesweetseria.com\/es\/wp-json\/wp\/v2\/media?parent=9148"}],"wp:term":[{"taxonomy":"product_cat","embeddable":true,"href":"https:\/\/thesweetseria.com\/es\/wp-json\/wp\/v2\/product_cat?post=9148"},{"taxonomy":"product_tag","embeddable":true,"href":"https:\/\/thesweetseria.com\/es\/wp-json\/wp\/v2\/product_tag?post=9148"}],"curies":[{"name":"wp","href":"https:\/\/api.w.org\/{rel}","templated":true}]}}