{"id":9125,"date":"2022-11-24T17:22:46","date_gmt":"2022-11-24T17:22:46","guid":{"rendered":"https:\/\/thesweetseria.com\/?post_type=product&#038;p=9125"},"modified":"2023-12-24T13:20:07","modified_gmt":"2023-12-24T13:20:07","slug":"mountain-dew-can-355ml","status":"publish","type":"product","link":"https:\/\/thesweetseria.com\/es\/producto\/mountain-dew-can-355ml\/","title":{"rendered":"Mountain Dew Can 355ml"},"content":{"rendered":"","protected":false},"excerpt":{"rendered":"<p>El Mountain Dew original es un refresco con sabor a c\u00edtrico. El refresco es \u00fanico porque incluye una peque\u00f1a cantidad de zumo de naranja. Aunque algunos han comparado Mountain Dew con el refresco de lima-lim\u00f3n, es en gran medida distinto y \u00fanico de ellos, y ha generado muchos imitadores propios.<\/p>","protected":false},"featured_media":9128,"comment_status":"open","ping_status":"closed","template":"","meta":{"nf_dc_page":"","inline_featured_image":false},"product_cat":[90],"product_tag":[],"class_list":{"0":"post-9125","1":"product","2":"type-product","3":"status-publish","4":"has-post-thumbnail","6":"product_cat-drinks","8":"first","9":"outofstock","10":"taxable","11":"shipping-taxable","12":"purchasable","13":"product-type-simple"},"_links":{"self":[{"href":"https:\/\/thesweetseria.com\/es\/wp-json\/wp\/v2\/product\/9125","targetHints":{"allow":["GET"]}}],"collection":[{"href":"https:\/\/thesweetseria.com\/es\/wp-json\/wp\/v2\/product"}],"about":[{"href":"https:\/\/thesweetseria.com\/es\/wp-json\/wp\/v2\/types\/product"}],"replies":[{"embeddable":true,"href":"https:\/\/thesweetseria.com\/es\/wp-json\/wp\/v2\/comments?post=9125"}],"wp:featuredmedia":[{"embeddable":true,"href":"https:\/\/thesweetseria.com\/es\/wp-json\/wp\/v2\/media\/9128"}],"wp:attachment":[{"href":"https:\/\/thesweetseria.com\/es\/wp-json\/wp\/v2\/media?parent=9125"}],"wp:term":[{"taxonomy":"product_cat","embeddable":true,"href":"https:\/\/thesweetseria.com\/es\/wp-json\/wp\/v2\/product_cat?post=9125"},{"taxonomy":"product_tag","embeddable":true,"href":"https:\/\/thesweetseria.com\/es\/wp-json\/wp\/v2\/product_tag?post=9125"}],"curies":[{"name":"wp","href":"https:\/\/api.w.org\/{rel}","templated":true}]}}