{"id":9041,"date":"2022-10-27T16:42:55","date_gmt":"2022-10-27T16:42:55","guid":{"rendered":"https:\/\/thesweetseria.com\/?post_type=product&#038;p=9041"},"modified":"2025-02-05T16:17:21","modified_gmt":"2025-02-05T16:17:21","slug":"pelon-pelo-rico-28g","status":"publish","type":"product","link":"https:\/\/thesweetseria.com\/es\/producto\/pelon-pelo-rico-28g\/","title":{"rendered":"Pelon Pelo Rico 28g"},"content":{"rendered":"","protected":false},"excerpt":{"rendered":"<p>Pel\u00f3n Pelo Rico es el dulce mexicano m\u00e1s famoso y divertido de M\u00e9xico. Es un dulce enchilado sabor a tamarindo que sencillamente no puede faltar en ninguna tienda de dulces mexicanos.<strong>Yummy Hair Baldie<\/strong>&#8220;, because the candy is squeezed out of a tube through a grate, producing a Medusa-like effect. It comes in regular, sour lime, watermelon, and extra spicy flavors.<\/p>\n<p>&nbsp;<\/p>","protected":false},"featured_media":9042,"comment_status":"open","ping_status":"closed","template":"","meta":{"nf_dc_page":"","inline_featured_image":false},"product_cat":[108],"product_tag":[],"class_list":{"0":"post-9041","1":"product","2":"type-product","3":"status-publish","4":"has-post-thumbnail","6":"product_cat-candies","8":"first","9":"outofstock","10":"taxable","11":"shipping-taxable","12":"purchasable","13":"product-type-simple"},"_links":{"self":[{"href":"https:\/\/thesweetseria.com\/es\/wp-json\/wp\/v2\/product\/9041","targetHints":{"allow":["GET"]}}],"collection":[{"href":"https:\/\/thesweetseria.com\/es\/wp-json\/wp\/v2\/product"}],"about":[{"href":"https:\/\/thesweetseria.com\/es\/wp-json\/wp\/v2\/types\/product"}],"replies":[{"embeddable":true,"href":"https:\/\/thesweetseria.com\/es\/wp-json\/wp\/v2\/comments?post=9041"}],"wp:featuredmedia":[{"embeddable":true,"href":"https:\/\/thesweetseria.com\/es\/wp-json\/wp\/v2\/media\/9042"}],"wp:attachment":[{"href":"https:\/\/thesweetseria.com\/es\/wp-json\/wp\/v2\/media?parent=9041"}],"wp:term":[{"taxonomy":"product_cat","embeddable":true,"href":"https:\/\/thesweetseria.com\/es\/wp-json\/wp\/v2\/product_cat?post=9041"},{"taxonomy":"product_tag","embeddable":true,"href":"https:\/\/thesweetseria.com\/es\/wp-json\/wp\/v2\/product_tag?post=9041"}],"curies":[{"name":"wp","href":"https:\/\/api.w.org\/{rel}","templated":true}]}}