{"id":9029,"date":"2022-10-27T15:02:52","date_gmt":"2022-10-27T15:02:52","guid":{"rendered":"https:\/\/thesweetseria.com\/?post_type=product&#038;p=9029"},"modified":"2025-12-20T20:46:18","modified_gmt":"2025-12-20T20:46:18","slug":"coca-cola-quebec-355ml","status":"publish","type":"product","link":"https:\/\/thesweetseria.com\/es\/producto\/coca-cola-quebec-355ml\/","title":{"rendered":"Coca-Cola Quebec 355ml"},"content":{"rendered":"","protected":false},"excerpt":{"rendered":"<p>Coca-Cola Qu\u00e9bec Maple se inspira en las tiendas de refrescos que primero a\u00f1adieron sabores a la receta cl\u00e1sica de Coca-Cola del Dr. Pemberton. Cada botella de vidrio de 355 mL aporta el sabor aut\u00f3ctono del famoso sirope de arce de Qu\u00e9bec al mundo, mezclando el sabor familiar de Coca-Cola con un delicioso sabor a arce.<\/p>","protected":false},"featured_media":9030,"comment_status":"open","ping_status":"closed","template":"","meta":{"nf_dc_page":"","inline_featured_image":false},"product_cat":[90],"product_tag":[],"class_list":{"0":"post-9029","1":"product","2":"type-product","3":"status-publish","4":"has-post-thumbnail","6":"product_cat-drinks","8":"first","9":"outofstock","10":"taxable","11":"shipping-taxable","12":"purchasable","13":"product-type-simple"},"_links":{"self":[{"href":"https:\/\/thesweetseria.com\/es\/wp-json\/wp\/v2\/product\/9029","targetHints":{"allow":["GET"]}}],"collection":[{"href":"https:\/\/thesweetseria.com\/es\/wp-json\/wp\/v2\/product"}],"about":[{"href":"https:\/\/thesweetseria.com\/es\/wp-json\/wp\/v2\/types\/product"}],"replies":[{"embeddable":true,"href":"https:\/\/thesweetseria.com\/es\/wp-json\/wp\/v2\/comments?post=9029"}],"wp:featuredmedia":[{"embeddable":true,"href":"https:\/\/thesweetseria.com\/es\/wp-json\/wp\/v2\/media\/9030"}],"wp:attachment":[{"href":"https:\/\/thesweetseria.com\/es\/wp-json\/wp\/v2\/media?parent=9029"}],"wp:term":[{"taxonomy":"product_cat","embeddable":true,"href":"https:\/\/thesweetseria.com\/es\/wp-json\/wp\/v2\/product_cat?post=9029"},{"taxonomy":"product_tag","embeddable":true,"href":"https:\/\/thesweetseria.com\/es\/wp-json\/wp\/v2\/product_tag?post=9029"}],"curies":[{"name":"wp","href":"https:\/\/api.w.org\/{rel}","templated":true}]}}