{"id":8944,"date":"2022-10-17T11:04:32","date_gmt":"2022-10-17T11:04:32","guid":{"rendered":"https:\/\/thesweetseria.com\/?post_type=product&#038;p=8944"},"modified":"2023-10-02T17:38:01","modified_gmt":"2023-10-02T17:38:01","slug":"bonbon-bum-3g","status":"publish","type":"product","link":"https:\/\/thesweetseria.com\/es\/producto\/bonbon-bum-3g\/","title":{"rendered":"BonBon Bum Maracuya 3g"},"content":{"rendered":"","protected":false},"excerpt":{"rendered":"<p>\u00bfQui\u00e9n no quiere una golosina colombiana? Las piruletas Colombina Bon Bon Bum Maracuya ofrecen la explosi\u00f3n perfecta de sabor dulce y afrutado en cada piruleta y, al mismo tiempo, te sorprenden con ese peque\u00f1o toque de goma de mascar que hace que estas piruletas sean extra especiales. \u00a1Los caramelos colombianos no tienen nada mejor que esto!<\/p>","protected":false},"featured_media":8945,"comment_status":"open","ping_status":"closed","template":"","meta":{"nf_dc_page":"","inline_featured_image":false},"product_cat":[108],"product_tag":[],"class_list":{"0":"post-8944","1":"product","2":"type-product","3":"status-publish","4":"has-post-thumbnail","6":"product_cat-candies","8":"first","9":"outofstock","10":"taxable","11":"shipping-taxable","12":"purchasable","13":"product-type-simple"},"_links":{"self":[{"href":"https:\/\/thesweetseria.com\/es\/wp-json\/wp\/v2\/product\/8944","targetHints":{"allow":["GET"]}}],"collection":[{"href":"https:\/\/thesweetseria.com\/es\/wp-json\/wp\/v2\/product"}],"about":[{"href":"https:\/\/thesweetseria.com\/es\/wp-json\/wp\/v2\/types\/product"}],"replies":[{"embeddable":true,"href":"https:\/\/thesweetseria.com\/es\/wp-json\/wp\/v2\/comments?post=8944"}],"wp:featuredmedia":[{"embeddable":true,"href":"https:\/\/thesweetseria.com\/es\/wp-json\/wp\/v2\/media\/8945"}],"wp:attachment":[{"href":"https:\/\/thesweetseria.com\/es\/wp-json\/wp\/v2\/media?parent=8944"}],"wp:term":[{"taxonomy":"product_cat","embeddable":true,"href":"https:\/\/thesweetseria.com\/es\/wp-json\/wp\/v2\/product_cat?post=8944"},{"taxonomy":"product_tag","embeddable":true,"href":"https:\/\/thesweetseria.com\/es\/wp-json\/wp\/v2\/product_tag?post=8944"}],"curies":[{"name":"wp","href":"https:\/\/api.w.org\/{rel}","templated":true}]}}