{"id":8930,"date":"2022-10-14T08:08:00","date_gmt":"2022-10-14T08:08:00","guid":{"rendered":"https:\/\/thesweetseria.com\/?post_type=product&#038;p=8930"},"modified":"2022-10-14T10:45:39","modified_gmt":"2022-10-14T10:45:39","slug":"reeses-dipped-pretzels-snyders-240g","status":"publish","type":"product","link":"https:\/\/thesweetseria.com\/es\/producto\/reeses-dipped-pretzels-snyders-240g\/","title":{"rendered":"Reese&#8217;s Dipped Pretzels Snyders 240g"},"content":{"rendered":"","protected":false},"excerpt":{"rendered":"<p>\u00a1La merienda es ahora mejor! Los Pretzels de Snyder's of Hanover, del tama\u00f1o de un bocado, est\u00e1n ba\u00f1ados en cremoso caramelo de mantequilla de cacahuete REESE'S y rociados con chocolate con leche HERSHEY'S. \u00a1Coge un pu\u00f1ado y empieza a picar!<\/p>","protected":false},"featured_media":8931,"comment_status":"open","ping_status":"closed","template":"","meta":{"nf_dc_page":"","inline_featured_image":false},"product_cat":[15],"product_tag":[],"class_list":{"0":"post-8930","1":"product","2":"type-product","3":"status-publish","4":"has-post-thumbnail","6":"product_cat-chocolate","8":"first","9":"outofstock","10":"taxable","11":"shipping-taxable","12":"purchasable","13":"product-type-simple"},"_links":{"self":[{"href":"https:\/\/thesweetseria.com\/es\/wp-json\/wp\/v2\/product\/8930","targetHints":{"allow":["GET"]}}],"collection":[{"href":"https:\/\/thesweetseria.com\/es\/wp-json\/wp\/v2\/product"}],"about":[{"href":"https:\/\/thesweetseria.com\/es\/wp-json\/wp\/v2\/types\/product"}],"replies":[{"embeddable":true,"href":"https:\/\/thesweetseria.com\/es\/wp-json\/wp\/v2\/comments?post=8930"}],"wp:featuredmedia":[{"embeddable":true,"href":"https:\/\/thesweetseria.com\/es\/wp-json\/wp\/v2\/media\/8931"}],"wp:attachment":[{"href":"https:\/\/thesweetseria.com\/es\/wp-json\/wp\/v2\/media?parent=8930"}],"wp:term":[{"taxonomy":"product_cat","embeddable":true,"href":"https:\/\/thesweetseria.com\/es\/wp-json\/wp\/v2\/product_cat?post=8930"},{"taxonomy":"product_tag","embeddable":true,"href":"https:\/\/thesweetseria.com\/es\/wp-json\/wp\/v2\/product_tag?post=8930"}],"curies":[{"name":"wp","href":"https:\/\/api.w.org\/{rel}","templated":true}]}}