{"id":8921,"date":"2022-10-13T17:23:03","date_gmt":"2022-10-13T17:23:03","guid":{"rendered":"https:\/\/thesweetseria.com\/?post_type=product&#038;p=8921"},"modified":"2025-05-14T18:31:02","modified_gmt":"2025-05-14T18:31:02","slug":"peta-zetas-strawberry-7g","status":"publish","type":"product","link":"https:\/\/thesweetseria.com\/es\/producto\/peta-zetas-strawberry-7g\/","title":{"rendered":"Peta zetas Strawberry 7g"},"content":{"rendered":"","protected":false},"excerpt":{"rendered":"<p>Peta zetas, caramelo de fresa. El caramelo que generar\u00e1 una sensaci\u00f3n \u00fanica!<\/p>\n<p>&nbsp;<\/p>","protected":false},"featured_media":8922,"comment_status":"open","ping_status":"closed","template":"","meta":{"nf_dc_page":"","inline_featured_image":false},"product_cat":[108],"product_tag":[],"class_list":{"0":"post-8921","1":"product","2":"type-product","3":"status-publish","4":"has-post-thumbnail","6":"product_cat-candies","8":"first","9":"instock","10":"taxable","11":"shipping-taxable","12":"purchasable","13":"product-type-simple"},"_links":{"self":[{"href":"https:\/\/thesweetseria.com\/es\/wp-json\/wp\/v2\/product\/8921","targetHints":{"allow":["GET"]}}],"collection":[{"href":"https:\/\/thesweetseria.com\/es\/wp-json\/wp\/v2\/product"}],"about":[{"href":"https:\/\/thesweetseria.com\/es\/wp-json\/wp\/v2\/types\/product"}],"replies":[{"embeddable":true,"href":"https:\/\/thesweetseria.com\/es\/wp-json\/wp\/v2\/comments?post=8921"}],"wp:featuredmedia":[{"embeddable":true,"href":"https:\/\/thesweetseria.com\/es\/wp-json\/wp\/v2\/media\/8922"}],"wp:attachment":[{"href":"https:\/\/thesweetseria.com\/es\/wp-json\/wp\/v2\/media?parent=8921"}],"wp:term":[{"taxonomy":"product_cat","embeddable":true,"href":"https:\/\/thesweetseria.com\/es\/wp-json\/wp\/v2\/product_cat?post=8921"},{"taxonomy":"product_tag","embeddable":true,"href":"https:\/\/thesweetseria.com\/es\/wp-json\/wp\/v2\/product_tag?post=8921"}],"curies":[{"name":"wp","href":"https:\/\/api.w.org\/{rel}","templated":true}]}}