{"id":8840,"date":"2022-10-11T17:05:09","date_gmt":"2022-10-11T17:05:09","guid":{"rendered":"https:\/\/thesweetseria.com\/?post_type=product&#038;p=8840"},"modified":"2023-11-06T22:19:43","modified_gmt":"2023-11-06T22:19:43","slug":"faygo-cotton-candy-710ml","status":"publish","type":"product","link":"https:\/\/thesweetseria.com\/es\/producto\/faygo-cotton-candy-710ml\/","title":{"rendered":"Faygo Cotton Candy 710ml"},"content":{"rendered":"","protected":false},"excerpt":{"rendered":"<p>Faygo, un elemento b\u00e1sico de Nueva York desde hace m\u00e1s de 100 a\u00f1os, ha lanzado este sabor que sabe exactamente como el algod\u00f3n de az\u00facar que se vend\u00eda en los carnavales y ferias de tu infancia. Muy dif\u00edcil de encontrar en las tiendas, este es el mejor refresco de algod\u00f3n de az\u00facar del mercado. \u00a1Muy bueno!<\/p>","protected":false},"featured_media":8841,"comment_status":"open","ping_status":"closed","template":"","meta":{"nf_dc_page":"","inline_featured_image":false},"product_cat":[90],"product_tag":[],"class_list":{"0":"post-8840","1":"product","2":"type-product","3":"status-publish","4":"has-post-thumbnail","6":"product_cat-drinks","8":"first","9":"outofstock","10":"taxable","11":"shipping-taxable","12":"purchasable","13":"product-type-simple"},"_links":{"self":[{"href":"https:\/\/thesweetseria.com\/es\/wp-json\/wp\/v2\/product\/8840","targetHints":{"allow":["GET"]}}],"collection":[{"href":"https:\/\/thesweetseria.com\/es\/wp-json\/wp\/v2\/product"}],"about":[{"href":"https:\/\/thesweetseria.com\/es\/wp-json\/wp\/v2\/types\/product"}],"replies":[{"embeddable":true,"href":"https:\/\/thesweetseria.com\/es\/wp-json\/wp\/v2\/comments?post=8840"}],"wp:featuredmedia":[{"embeddable":true,"href":"https:\/\/thesweetseria.com\/es\/wp-json\/wp\/v2\/media\/8841"}],"wp:attachment":[{"href":"https:\/\/thesweetseria.com\/es\/wp-json\/wp\/v2\/media?parent=8840"}],"wp:term":[{"taxonomy":"product_cat","embeddable":true,"href":"https:\/\/thesweetseria.com\/es\/wp-json\/wp\/v2\/product_cat?post=8840"},{"taxonomy":"product_tag","embeddable":true,"href":"https:\/\/thesweetseria.com\/es\/wp-json\/wp\/v2\/product_tag?post=8840"}],"curies":[{"name":"wp","href":"https:\/\/api.w.org\/{rel}","templated":true}]}}