{"id":8808,"date":"2022-10-07T14:17:08","date_gmt":"2022-10-07T14:17:08","guid":{"rendered":"https:\/\/thesweetseria.com\/?post_type=product&#038;p=8808"},"modified":"2024-06-18T16:34:35","modified_gmt":"2024-06-18T16:34:35","slug":"reeses-white-2-cups-42g","status":"publish","type":"product","link":"https:\/\/thesweetseria.com\/es\/producto\/reeses-white-2-cups-42g\/","title":{"rendered":"Reese's White 2 Tazas 42g"},"content":{"rendered":"","protected":false},"excerpt":{"rendered":"<p>Estas REESE'S Cups blancas combinan nuestro cl\u00e1sico relleno de mantequilla de cacahuete con el sedoso y dulce sabor de la crema blanca. As\u00ed que adelante. Coge un paquete y alegra tu d\u00eda con una suave y cremosa delicia de mantequilla de cacahuete. O, mejor a\u00fan, \u00a1comp\u00e1rtelas con un amigo y al\u00e9grale tambi\u00e9n el d\u00eda!<\/p>\n<p>&nbsp;<\/p>","protected":false},"featured_media":7702,"comment_status":"open","ping_status":"closed","template":"","meta":{"nf_dc_page":"","inline_featured_image":false},"product_cat":[15],"product_tag":[],"class_list":{"0":"post-8808","1":"product","2":"type-product","3":"status-publish","4":"has-post-thumbnail","6":"product_cat-chocolate","8":"first","9":"outofstock","10":"taxable","11":"shipping-taxable","12":"purchasable","13":"product-type-simple"},"_links":{"self":[{"href":"https:\/\/thesweetseria.com\/es\/wp-json\/wp\/v2\/product\/8808","targetHints":{"allow":["GET"]}}],"collection":[{"href":"https:\/\/thesweetseria.com\/es\/wp-json\/wp\/v2\/product"}],"about":[{"href":"https:\/\/thesweetseria.com\/es\/wp-json\/wp\/v2\/types\/product"}],"replies":[{"embeddable":true,"href":"https:\/\/thesweetseria.com\/es\/wp-json\/wp\/v2\/comments?post=8808"}],"wp:featuredmedia":[{"embeddable":true,"href":"https:\/\/thesweetseria.com\/es\/wp-json\/wp\/v2\/media\/7702"}],"wp:attachment":[{"href":"https:\/\/thesweetseria.com\/es\/wp-json\/wp\/v2\/media?parent=8808"}],"wp:term":[{"taxonomy":"product_cat","embeddable":true,"href":"https:\/\/thesweetseria.com\/es\/wp-json\/wp\/v2\/product_cat?post=8808"},{"taxonomy":"product_tag","embeddable":true,"href":"https:\/\/thesweetseria.com\/es\/wp-json\/wp\/v2\/product_tag?post=8808"}],"curies":[{"name":"wp","href":"https:\/\/api.w.org\/{rel}","templated":true}]}}