{"id":8798,"date":"2022-10-07T08:43:25","date_gmt":"2022-10-07T08:43:25","guid":{"rendered":"https:\/\/thesweetseria.com\/?post_type=product&#038;p=8798"},"modified":"2024-01-04T22:09:21","modified_gmt":"2024-01-04T22:09:21","slug":"fluffy-stuff-cotton-candy-28g","status":"publish","type":"product","link":"https:\/\/thesweetseria.com\/es\/producto\/fluffy-stuff-cotton-candy-28g\/","title":{"rendered":"Fluffy Stuff Cotton Candy 28g"},"content":{"rendered":"","protected":false},"excerpt":{"rendered":"<p>Disfruta de la feria del condado, de la diversi\u00f3n del algod\u00f3n de az\u00facar siempre que te apetezca con los algodones de az\u00facar Charms Fluffy Stuff, bolsas frescas de sabor a fruta, con sabor a almohada.<\/p>\n<p>Fluffy Stuff ofrece un surtido tradicional de algod\u00f3n de az\u00facar con sabores frutales multicolores. Y a diferencia de los algodones de az\u00facar tradicionales, que requieren un consumo inmediato, los Fluffy Stuff se envasan en bolsas herm\u00e9ticas y resistentes a la humedad, una t\u00e9cnica de producci\u00f3n de \u00faltima generaci\u00f3n que garantiza la frescura y el sabor de cada bocado, durante todo el a\u00f1o.<\/p>\n<p>Fluffy Stuff tambi\u00e9n est\u00e1 disponible en variedades estacionales populares, como Bolas de Nieve (Navidad), Colas de Algod\u00f3n (Pascua), Telara\u00f1as (Halloween) y Gatos Asustados (Halloween).<\/p>","protected":false},"featured_media":8799,"comment_status":"open","ping_status":"closed","template":"","meta":{"nf_dc_page":"","inline_featured_image":false},"product_cat":[108],"product_tag":[],"class_list":{"0":"post-8798","1":"product","2":"type-product","3":"status-publish","4":"has-post-thumbnail","6":"product_cat-candies","8":"first","9":"outofstock","10":"taxable","11":"shipping-taxable","12":"purchasable","13":"product-type-simple"},"_links":{"self":[{"href":"https:\/\/thesweetseria.com\/es\/wp-json\/wp\/v2\/product\/8798","targetHints":{"allow":["GET"]}}],"collection":[{"href":"https:\/\/thesweetseria.com\/es\/wp-json\/wp\/v2\/product"}],"about":[{"href":"https:\/\/thesweetseria.com\/es\/wp-json\/wp\/v2\/types\/product"}],"replies":[{"embeddable":true,"href":"https:\/\/thesweetseria.com\/es\/wp-json\/wp\/v2\/comments?post=8798"}],"wp:featuredmedia":[{"embeddable":true,"href":"https:\/\/thesweetseria.com\/es\/wp-json\/wp\/v2\/media\/8799"}],"wp:attachment":[{"href":"https:\/\/thesweetseria.com\/es\/wp-json\/wp\/v2\/media?parent=8798"}],"wp:term":[{"taxonomy":"product_cat","embeddable":true,"href":"https:\/\/thesweetseria.com\/es\/wp-json\/wp\/v2\/product_cat?post=8798"},{"taxonomy":"product_tag","embeddable":true,"href":"https:\/\/thesweetseria.com\/es\/wp-json\/wp\/v2\/product_tag?post=8798"}],"curies":[{"name":"wp","href":"https:\/\/api.w.org\/{rel}","templated":true}]}}