{"id":8777,"date":"2022-10-04T20:53:03","date_gmt":"2022-10-04T20:53:03","guid":{"rendered":"https:\/\/thesweetseria.com\/?post_type=product&#038;p=8777"},"modified":"2024-07-19T11:41:35","modified_gmt":"2024-07-19T11:41:35","slug":"swedish-fish-87g-box","status":"publish","type":"product","link":"https:\/\/thesweetseria.com\/es\/producto\/swedish-fish-87g-box\/","title":{"rendered":"SWEDISH FISH 87g box"},"content":{"rendered":"","protected":false},"excerpt":{"rendered":"<p>Los caramelos suecos Mini Tropical Soft &amp; Chewy Candy traen el sabor de las islas a sus papilas gustativas. Cada paquete de caramelos tiene cuatro sabores tropicales, como pi\u00f1a colada, isla tropical, ponche playero y fruta de la pasi\u00f3n, para una explosi\u00f3n de sabor \u00fanica cuando quieras algo dulce y afrutado.<\/p>","protected":false},"featured_media":8778,"comment_status":"open","ping_status":"closed","template":"","meta":{"nf_dc_page":"","inline_featured_image":false},"product_cat":[108],"product_tag":[],"class_list":{"0":"post-8777","1":"product","2":"type-product","3":"status-publish","4":"has-post-thumbnail","6":"product_cat-candies","8":"first","9":"outofstock","10":"taxable","11":"shipping-taxable","12":"purchasable","13":"product-type-simple"},"_links":{"self":[{"href":"https:\/\/thesweetseria.com\/es\/wp-json\/wp\/v2\/product\/8777","targetHints":{"allow":["GET"]}}],"collection":[{"href":"https:\/\/thesweetseria.com\/es\/wp-json\/wp\/v2\/product"}],"about":[{"href":"https:\/\/thesweetseria.com\/es\/wp-json\/wp\/v2\/types\/product"}],"replies":[{"embeddable":true,"href":"https:\/\/thesweetseria.com\/es\/wp-json\/wp\/v2\/comments?post=8777"}],"wp:featuredmedia":[{"embeddable":true,"href":"https:\/\/thesweetseria.com\/es\/wp-json\/wp\/v2\/media\/8778"}],"wp:attachment":[{"href":"https:\/\/thesweetseria.com\/es\/wp-json\/wp\/v2\/media?parent=8777"}],"wp:term":[{"taxonomy":"product_cat","embeddable":true,"href":"https:\/\/thesweetseria.com\/es\/wp-json\/wp\/v2\/product_cat?post=8777"},{"taxonomy":"product_tag","embeddable":true,"href":"https:\/\/thesweetseria.com\/es\/wp-json\/wp\/v2\/product_tag?post=8777"}],"curies":[{"name":"wp","href":"https:\/\/api.w.org\/{rel}","templated":true}]}}