{"id":8736,"date":"2022-09-30T16:12:57","date_gmt":"2022-09-30T16:12:57","guid":{"rendered":"https:\/\/thesweetseria.com\/?post_type=product&#038;p=8736"},"modified":"2024-07-18T17:32:31","modified_gmt":"2024-07-18T17:32:31","slug":"snapple-elements-prickly-pear-and-peach-white-tea-473ml","status":"publish","type":"product","link":"https:\/\/thesweetseria.com\/es\/producto\/snapple-elements-prickly-pear-and-peach-white-tea-473ml\/","title":{"rendered":"Snapple Elements Prickly Pear and Peach white tea 473ml"},"content":{"rendered":"","protected":false},"excerpt":{"rendered":"<p>Imposiblemente ligero y refrescante, el t\u00e9 Snapple Elements Air combina los sabores de higo chumbo y melocot\u00f3n con el ligero t\u00e9 blanco. \u00a1Date un gusto! Snapple Elements Air es totalmente natural, no contiene sabores ni edulcorantes artificiales y est\u00e1 hecho de t\u00e9 blanco.<\/p>","protected":false},"featured_media":8737,"comment_status":"open","ping_status":"closed","template":"","meta":{"nf_dc_page":"","inline_featured_image":false},"product_cat":[90],"product_tag":[],"class_list":{"0":"post-8736","1":"product","2":"type-product","3":"status-publish","4":"has-post-thumbnail","6":"product_cat-drinks","8":"first","9":"outofstock","10":"taxable","11":"shipping-taxable","12":"purchasable","13":"product-type-simple"},"_links":{"self":[{"href":"https:\/\/thesweetseria.com\/es\/wp-json\/wp\/v2\/product\/8736","targetHints":{"allow":["GET"]}}],"collection":[{"href":"https:\/\/thesweetseria.com\/es\/wp-json\/wp\/v2\/product"}],"about":[{"href":"https:\/\/thesweetseria.com\/es\/wp-json\/wp\/v2\/types\/product"}],"replies":[{"embeddable":true,"href":"https:\/\/thesweetseria.com\/es\/wp-json\/wp\/v2\/comments?post=8736"}],"wp:featuredmedia":[{"embeddable":true,"href":"https:\/\/thesweetseria.com\/es\/wp-json\/wp\/v2\/media\/8737"}],"wp:attachment":[{"href":"https:\/\/thesweetseria.com\/es\/wp-json\/wp\/v2\/media?parent=8736"}],"wp:term":[{"taxonomy":"product_cat","embeddable":true,"href":"https:\/\/thesweetseria.com\/es\/wp-json\/wp\/v2\/product_cat?post=8736"},{"taxonomy":"product_tag","embeddable":true,"href":"https:\/\/thesweetseria.com\/es\/wp-json\/wp\/v2\/product_tag?post=8736"}],"curies":[{"name":"wp","href":"https:\/\/api.w.org\/{rel}","templated":true}]}}