{"id":8732,"date":"2022-09-30T16:01:18","date_gmt":"2022-09-30T16:01:18","guid":{"rendered":"https:\/\/thesweetseria.com\/?post_type=product&#038;p=8732"},"modified":"2024-01-04T22:10:43","modified_gmt":"2024-01-04T22:10:43","slug":"jelly-belly-beans-20-assorted-flavors-99g","status":"publish","type":"product","link":"https:\/\/thesweetseria.com\/es\/producto\/jelly-belly-beans-20-assorted-flavors-99g\/","title":{"rendered":"Jelly Belly Beans 20 Assorted Flavors 99g"},"content":{"rendered":"","protected":false},"excerpt":{"rendered":"<p>Las gominolas Jelly Belly son una deliciosa y colorida golosina que resulta divertida de comer. Estas gominolas gourmet vienen en 20 de sus sabores Jelly Belly favoritos. Saboree un sabor a la vez para experimentar el verdadero sabor de cada gragea Jelly Belly. O experimente combinando los sabores en una receta Jelly Belly para crear un sabor totalmente original (y delicioso). Las gominolas son el caramelo perfecto para fiestas, regalos, obsequios o para disfrutarlas uno mismo. Los sabores incluyen ar\u00e1ndano, chicle, palomitas con mantequilla, coco, algod\u00f3n de az\u00facar, manzana verde, pera jugosa, lima de lim\u00f3n, lim\u00f3n Sunkist, regaliz, sorbete de naranja, melocot\u00f3n, pi\u00f1a colada, canela chisporroteante, tarta de queso y fresa, mandarina Sunkist, malvavisco tostado, tutti-fruitti, cereza y sand\u00eda. Cada una de estas gominolas tiene s\u00f3lo cuatro calor\u00edas, as\u00ed que puedes disfrutarlas sin culpa. Adem\u00e1s, todas las gominolas Jelly Belly son sin gluten, sin cacahuetes, sin l\u00e1cteos, sin grasas, aptas para vegetarianos, con certificaci\u00f3n OU Kosher y fabricadas en los Estados Unidos. Conocida por haber puesto la gominola gourmet en el mapa, Jelly Belly Candy Company celebra la diversi\u00f3n y el sabor con una oferta nost\u00e1lgica de caramelos y gominolas gourmet en una gama siempre cambiante de nuevos sabores y colecciones especiales.<\/p>\n<p>&nbsp;<\/p>","protected":false},"featured_media":8733,"comment_status":"open","ping_status":"closed","template":"","meta":{"nf_dc_page":"","inline_featured_image":false},"product_cat":[108],"product_tag":[],"class_list":{"0":"post-8732","1":"product","2":"type-product","3":"status-publish","4":"has-post-thumbnail","6":"product_cat-candies","8":"first","9":"outofstock","10":"taxable","11":"shipping-taxable","12":"purchasable","13":"product-type-simple"},"_links":{"self":[{"href":"https:\/\/thesweetseria.com\/es\/wp-json\/wp\/v2\/product\/8732","targetHints":{"allow":["GET"]}}],"collection":[{"href":"https:\/\/thesweetseria.com\/es\/wp-json\/wp\/v2\/product"}],"about":[{"href":"https:\/\/thesweetseria.com\/es\/wp-json\/wp\/v2\/types\/product"}],"replies":[{"embeddable":true,"href":"https:\/\/thesweetseria.com\/es\/wp-json\/wp\/v2\/comments?post=8732"}],"wp:featuredmedia":[{"embeddable":true,"href":"https:\/\/thesweetseria.com\/es\/wp-json\/wp\/v2\/media\/8733"}],"wp:attachment":[{"href":"https:\/\/thesweetseria.com\/es\/wp-json\/wp\/v2\/media?parent=8732"}],"wp:term":[{"taxonomy":"product_cat","embeddable":true,"href":"https:\/\/thesweetseria.com\/es\/wp-json\/wp\/v2\/product_cat?post=8732"},{"taxonomy":"product_tag","embeddable":true,"href":"https:\/\/thesweetseria.com\/es\/wp-json\/wp\/v2\/product_tag?post=8732"}],"curies":[{"name":"wp","href":"https:\/\/api.w.org\/{rel}","templated":true}]}}