{"id":8704,"date":"2022-09-28T12:07:25","date_gmt":"2022-09-28T12:07:25","guid":{"rendered":"https:\/\/thesweetseria.com\/?post_type=product&#038;p=8704"},"modified":"2025-01-22T17:13:55","modified_gmt":"2025-01-22T17:13:55","slug":"bean-boozled-jelly-beans-54g","status":"publish","type":"product","link":"https:\/\/thesweetseria.com\/es\/producto\/bean-boozled-jelly-beans-54g\/","title":{"rendered":"Bean Boozled Jelly Beans 54g"},"content":{"rendered":"","protected":false},"excerpt":{"rendered":"<p>BeanBoozled empareja dos gominolas que son exactamente iguales pero que no podr\u00edan tener un sabor m\u00e1s diferente. Puedes conseguir uno de nuestros sabores m\u00e1s populares o uno de los m\u00e1s salvajes. El truco est\u00e1 en que no sabr\u00e1s cu\u00e1l es cada una hasta que la pruebes.<\/p>","protected":false},"featured_media":8706,"comment_status":"open","ping_status":"closed","template":"","meta":{"nf_dc_page":"","inline_featured_image":false},"product_cat":[108],"product_tag":[],"class_list":{"0":"post-8704","1":"product","2":"type-product","3":"status-publish","4":"has-post-thumbnail","6":"product_cat-candies","8":"first","9":"outofstock","10":"taxable","11":"shipping-taxable","12":"purchasable","13":"product-type-simple"},"_links":{"self":[{"href":"https:\/\/thesweetseria.com\/es\/wp-json\/wp\/v2\/product\/8704","targetHints":{"allow":["GET"]}}],"collection":[{"href":"https:\/\/thesweetseria.com\/es\/wp-json\/wp\/v2\/product"}],"about":[{"href":"https:\/\/thesweetseria.com\/es\/wp-json\/wp\/v2\/types\/product"}],"replies":[{"embeddable":true,"href":"https:\/\/thesweetseria.com\/es\/wp-json\/wp\/v2\/comments?post=8704"}],"wp:featuredmedia":[{"embeddable":true,"href":"https:\/\/thesweetseria.com\/es\/wp-json\/wp\/v2\/media\/8706"}],"wp:attachment":[{"href":"https:\/\/thesweetseria.com\/es\/wp-json\/wp\/v2\/media?parent=8704"}],"wp:term":[{"taxonomy":"product_cat","embeddable":true,"href":"https:\/\/thesweetseria.com\/es\/wp-json\/wp\/v2\/product_cat?post=8704"},{"taxonomy":"product_tag","embeddable":true,"href":"https:\/\/thesweetseria.com\/es\/wp-json\/wp\/v2\/product_tag?post=8704"}],"curies":[{"name":"wp","href":"https:\/\/api.w.org\/{rel}","templated":true}]}}