{"id":8702,"date":"2022-09-28T12:05:54","date_gmt":"2022-09-28T12:05:54","guid":{"rendered":"https:\/\/thesweetseria.com\/?post_type=product&#038;p=8702"},"modified":"2026-04-24T12:57:03","modified_gmt":"2026-04-24T12:57:03","slug":"harry-potter-bertie-botts-bag-54g","status":"publish","type":"product","link":"https:\/\/thesweetseria.com\/es\/producto\/harry-potter-bertie-botts-bag-54g\/","title":{"rendered":"Harry Potter Bertie Bott&#8217;s Bag 54g"},"content":{"rendered":"","protected":false},"excerpt":{"rendered":"<p>Harry Potter\u2122 Bertie Botts Every Flavour Beans\u2122.<\/p>\n<p>&nbsp;<\/p>\n<p>Solo las brujas y los magos m\u00e1s valientes se atrever\u00e1n a probar las Alubias Bertie Bott. Con sabores m\u00e1gicamente deliciosos y taimadamente extra\u00f1os como lombriz, canela, tierra y huevos podridos. Seguro que te hechizan. \u00a1Es magia de confiter\u00eda!<\/p>\n<p>54g Box Mix<\/p>\n<ul>\n<li>- Pl\u00e1tano - Pimienta negra - Ar\u00e1ndano - Moco - Golosina - Cereza - Canela<\/li>\n<li>Suciedad - Lombriz de tierra - Cera de oreja - Hierba - Manzana verde - Lim\u00f3n - Malvavisco<\/li>\n<li>Huevo podrido - Salchicha - Jab\u00f3n - Tutti-Fruitti - V\u00f3mito - Sand\u00eda<\/li>\n<\/ul>","protected":false},"featured_media":8703,"comment_status":"open","ping_status":"closed","template":"","meta":{"nf_dc_page":"","inline_featured_image":false},"product_cat":[108],"product_tag":[],"class_list":{"0":"post-8702","1":"product","2":"type-product","3":"status-publish","4":"has-post-thumbnail","6":"product_cat-candies","8":"first","9":"instock","10":"taxable","11":"shipping-taxable","12":"purchasable","13":"product-type-simple"},"_links":{"self":[{"href":"https:\/\/thesweetseria.com\/es\/wp-json\/wp\/v2\/product\/8702","targetHints":{"allow":["GET"]}}],"collection":[{"href":"https:\/\/thesweetseria.com\/es\/wp-json\/wp\/v2\/product"}],"about":[{"href":"https:\/\/thesweetseria.com\/es\/wp-json\/wp\/v2\/types\/product"}],"replies":[{"embeddable":true,"href":"https:\/\/thesweetseria.com\/es\/wp-json\/wp\/v2\/comments?post=8702"}],"wp:featuredmedia":[{"embeddable":true,"href":"https:\/\/thesweetseria.com\/es\/wp-json\/wp\/v2\/media\/8703"}],"wp:attachment":[{"href":"https:\/\/thesweetseria.com\/es\/wp-json\/wp\/v2\/media?parent=8702"}],"wp:term":[{"taxonomy":"product_cat","embeddable":true,"href":"https:\/\/thesweetseria.com\/es\/wp-json\/wp\/v2\/product_cat?post=8702"},{"taxonomy":"product_tag","embeddable":true,"href":"https:\/\/thesweetseria.com\/es\/wp-json\/wp\/v2\/product_tag?post=8702"}],"curies":[{"name":"wp","href":"https:\/\/api.w.org\/{rel}","templated":true}]}}