{"id":8689,"date":"2022-09-28T11:12:07","date_gmt":"2022-09-28T11:12:07","guid":{"rendered":"https:\/\/thesweetseria.com\/?post_type=product&#038;p=8689"},"modified":"2024-01-04T22:12:33","modified_gmt":"2024-01-04T22:12:33","slug":"energety-melon-500ml","status":"publish","type":"product","link":"https:\/\/thesweetseria.com\/es\/producto\/energety-melon-500ml\/","title":{"rendered":"ENERGETY MELON 500ml"},"content":{"rendered":"","protected":false},"excerpt":{"rendered":"<p>Lo nuestro son los sabores frutales, como el de mel\u00f3n, pero con un toque de fantas\u00eda Eneryeti para que sea un bombazo. Ni en los mejores sue\u00f1os de Stan Lee se hubiera imaginado una bebida energ\u00e9tica sabor a chicle de mel\u00f3n como esta.<\/p>","protected":false},"featured_media":8690,"comment_status":"open","ping_status":"closed","template":"","meta":{"nf_dc_page":"","inline_featured_image":false},"product_cat":[90],"product_tag":[],"class_list":{"0":"post-8689","1":"product","2":"type-product","3":"status-publish","4":"has-post-thumbnail","6":"product_cat-drinks","8":"first","9":"outofstock","10":"taxable","11":"shipping-taxable","12":"purchasable","13":"product-type-simple"},"_links":{"self":[{"href":"https:\/\/thesweetseria.com\/es\/wp-json\/wp\/v2\/product\/8689","targetHints":{"allow":["GET"]}}],"collection":[{"href":"https:\/\/thesweetseria.com\/es\/wp-json\/wp\/v2\/product"}],"about":[{"href":"https:\/\/thesweetseria.com\/es\/wp-json\/wp\/v2\/types\/product"}],"replies":[{"embeddable":true,"href":"https:\/\/thesweetseria.com\/es\/wp-json\/wp\/v2\/comments?post=8689"}],"wp:featuredmedia":[{"embeddable":true,"href":"https:\/\/thesweetseria.com\/es\/wp-json\/wp\/v2\/media\/8690"}],"wp:attachment":[{"href":"https:\/\/thesweetseria.com\/es\/wp-json\/wp\/v2\/media?parent=8689"}],"wp:term":[{"taxonomy":"product_cat","embeddable":true,"href":"https:\/\/thesweetseria.com\/es\/wp-json\/wp\/v2\/product_cat?post=8689"},{"taxonomy":"product_tag","embeddable":true,"href":"https:\/\/thesweetseria.com\/es\/wp-json\/wp\/v2\/product_tag?post=8689"}],"curies":[{"name":"wp","href":"https:\/\/api.w.org\/{rel}","templated":true}]}}