{"id":8687,"date":"2022-09-28T11:09:53","date_gmt":"2022-09-28T11:09:53","guid":{"rendered":"https:\/\/thesweetseria.com\/?post_type=product&#038;p=8687"},"modified":"2024-01-04T22:12:43","modified_gmt":"2024-01-04T22:12:43","slug":"energety-guava-500ml","status":"publish","type":"product","link":"https:\/\/thesweetseria.com\/es\/producto\/energety-guava-500ml\/","title":{"rendered":"Energety Guava 500ml"},"content":{"rendered":"","protected":false},"excerpt":{"rendered":"<p>Su dulce sabor a guayaba apagar\u00e1 tu sed y te cargar\u00e1 las pilas all\u00e1 donde vayas. La energ\u00eda de Eneryeti Exotic te llevar\u00e1 a explorar las ex\u00f3ticas tierras de la cultura MAYA.<\/p>","protected":false},"featured_media":8688,"comment_status":"open","ping_status":"closed","template":"","meta":{"nf_dc_page":"","inline_featured_image":false},"product_cat":[90],"product_tag":[],"class_list":{"0":"post-8687","1":"product","2":"type-product","3":"status-publish","4":"has-post-thumbnail","6":"product_cat-drinks","8":"first","9":"outofstock","10":"taxable","11":"shipping-taxable","12":"purchasable","13":"product-type-simple"},"_links":{"self":[{"href":"https:\/\/thesweetseria.com\/es\/wp-json\/wp\/v2\/product\/8687","targetHints":{"allow":["GET"]}}],"collection":[{"href":"https:\/\/thesweetseria.com\/es\/wp-json\/wp\/v2\/product"}],"about":[{"href":"https:\/\/thesweetseria.com\/es\/wp-json\/wp\/v2\/types\/product"}],"replies":[{"embeddable":true,"href":"https:\/\/thesweetseria.com\/es\/wp-json\/wp\/v2\/comments?post=8687"}],"wp:featuredmedia":[{"embeddable":true,"href":"https:\/\/thesweetseria.com\/es\/wp-json\/wp\/v2\/media\/8688"}],"wp:attachment":[{"href":"https:\/\/thesweetseria.com\/es\/wp-json\/wp\/v2\/media?parent=8687"}],"wp:term":[{"taxonomy":"product_cat","embeddable":true,"href":"https:\/\/thesweetseria.com\/es\/wp-json\/wp\/v2\/product_cat?post=8687"},{"taxonomy":"product_tag","embeddable":true,"href":"https:\/\/thesweetseria.com\/es\/wp-json\/wp\/v2\/product_tag?post=8687"}],"curies":[{"name":"wp","href":"https:\/\/api.w.org\/{rel}","templated":true}]}}