{"id":8676,"date":"2022-09-27T17:50:04","date_gmt":"2022-09-27T17:50:04","guid":{"rendered":"https:\/\/thesweetseria.com\/?post_type=product&#038;p=8676"},"modified":"2024-02-28T17:19:12","modified_gmt":"2024-02-28T17:19:12","slug":"fruity-pebbles-cereal-311g","status":"publish","type":"product","link":"https:\/\/thesweetseria.com\/es\/producto\/fruity-pebbles-cereal-311g\/","title":{"rendered":"Fruity Pebbles Cereal 311g"},"content":{"rendered":"","protected":false},"excerpt":{"rendered":"<p>Los cereales Fruity Pebbles est\u00e1n hechos de arroz crujiente azucarado con un delicioso sabor a fruta. Los Fruity Pebbles no s\u00f3lo son sabrosos para desayunar con leche o en el yogur, los coloridos cereales tambi\u00e9n son perfectos para usarlos como decoraci\u00f3n en pasteles y otras pastas.<\/p>","protected":false},"featured_media":8677,"comment_status":"open","ping_status":"closed","template":"","meta":{"nf_dc_page":"","inline_featured_image":false},"product_cat":[111],"product_tag":[],"class_list":{"0":"post-8676","1":"product","2":"type-product","3":"status-publish","4":"has-post-thumbnail","6":"product_cat-cereal","8":"first","9":"outofstock","10":"taxable","11":"shipping-taxable","12":"purchasable","13":"product-type-simple"},"_links":{"self":[{"href":"https:\/\/thesweetseria.com\/es\/wp-json\/wp\/v2\/product\/8676","targetHints":{"allow":["GET"]}}],"collection":[{"href":"https:\/\/thesweetseria.com\/es\/wp-json\/wp\/v2\/product"}],"about":[{"href":"https:\/\/thesweetseria.com\/es\/wp-json\/wp\/v2\/types\/product"}],"replies":[{"embeddable":true,"href":"https:\/\/thesweetseria.com\/es\/wp-json\/wp\/v2\/comments?post=8676"}],"wp:featuredmedia":[{"embeddable":true,"href":"https:\/\/thesweetseria.com\/es\/wp-json\/wp\/v2\/media\/8677"}],"wp:attachment":[{"href":"https:\/\/thesweetseria.com\/es\/wp-json\/wp\/v2\/media?parent=8676"}],"wp:term":[{"taxonomy":"product_cat","embeddable":true,"href":"https:\/\/thesweetseria.com\/es\/wp-json\/wp\/v2\/product_cat?post=8676"},{"taxonomy":"product_tag","embeddable":true,"href":"https:\/\/thesweetseria.com\/es\/wp-json\/wp\/v2\/product_tag?post=8676"}],"curies":[{"name":"wp","href":"https:\/\/api.w.org\/{rel}","templated":true}]}}