{"id":8672,"date":"2022-09-27T17:46:58","date_gmt":"2022-09-27T17:46:58","guid":{"rendered":"https:\/\/thesweetseria.com\/?post_type=product&#038;p=8672"},"modified":"2025-06-05T15:39:54","modified_gmt":"2025-06-05T15:39:54","slug":"lucky-charms-cereal-297g","status":"publish","type":"product","link":"https:\/\/thesweetseria.com\/es\/producto\/lucky-charms-cereal-297g\/","title":{"rendered":"Lucky Charms Cereal 297g"},"content":{"rendered":"","protected":false},"excerpt":{"rendered":"<p>Los cereales Lucky Charms son uno de los cereales m\u00e1s populares en Estados Unidos por su delicioso sabor y su divertido dise\u00f1o. El cereal est\u00e1 hecho con avena integral y ocho excitantes malvaviscos diferentes con formas \u00fanicas.<\/p>","protected":false},"featured_media":8673,"comment_status":"open","ping_status":"closed","template":"","meta":{"nf_dc_page":"","inline_featured_image":false},"product_cat":[111],"product_tag":[],"class_list":{"0":"post-8672","1":"product","2":"type-product","3":"status-publish","4":"has-post-thumbnail","6":"product_cat-cereal","8":"first","9":"outofstock","10":"taxable","11":"shipping-taxable","12":"purchasable","13":"product-type-simple"},"_links":{"self":[{"href":"https:\/\/thesweetseria.com\/es\/wp-json\/wp\/v2\/product\/8672","targetHints":{"allow":["GET"]}}],"collection":[{"href":"https:\/\/thesweetseria.com\/es\/wp-json\/wp\/v2\/product"}],"about":[{"href":"https:\/\/thesweetseria.com\/es\/wp-json\/wp\/v2\/types\/product"}],"replies":[{"embeddable":true,"href":"https:\/\/thesweetseria.com\/es\/wp-json\/wp\/v2\/comments?post=8672"}],"wp:featuredmedia":[{"embeddable":true,"href":"https:\/\/thesweetseria.com\/es\/wp-json\/wp\/v2\/media\/8673"}],"wp:attachment":[{"href":"https:\/\/thesweetseria.com\/es\/wp-json\/wp\/v2\/media?parent=8672"}],"wp:term":[{"taxonomy":"product_cat","embeddable":true,"href":"https:\/\/thesweetseria.com\/es\/wp-json\/wp\/v2\/product_cat?post=8672"},{"taxonomy":"product_tag","embeddable":true,"href":"https:\/\/thesweetseria.com\/es\/wp-json\/wp\/v2\/product_tag?post=8672"}],"curies":[{"name":"wp","href":"https:\/\/api.w.org\/{rel}","templated":true}]}}