{"id":8615,"date":"2022-09-08T12:16:19","date_gmt":"2022-09-08T12:16:19","guid":{"rendered":"https:\/\/thesweetseria.com\/?post_type=product&#038;p=8615"},"modified":"2025-04-24T20:57:10","modified_gmt":"2025-04-24T20:57:10","slug":"mexican-coca-cola-glass-bottle-355ml","status":"publish","type":"product","link":"https:\/\/thesweetseria.com\/es\/producto\/mexican-coca-cola-glass-bottle-355ml\/","title":{"rendered":"Mexican Coca Cola Glass Bottle 355ml"},"content":{"rendered":"","protected":false},"excerpt":{"rendered":"<p>La Coca Cola Mexicana es la \u00fanica Coca Cola del mundo que utiliza az\u00facar de ca\u00f1a natural en lugar de jarabe de ma\u00edz de alta fructosa. Esta popular receta da a la Coca-Cola Mexicana un sabor \u00fanico que se disfruta en todo el mundo.<\/p>","protected":false},"featured_media":8616,"comment_status":"open","ping_status":"closed","template":"","meta":{"nf_dc_page":"","inline_featured_image":false},"product_cat":[90],"product_tag":[],"class_list":{"0":"post-8615","1":"product","2":"type-product","3":"status-publish","4":"has-post-thumbnail","6":"product_cat-drinks","8":"first","9":"outofstock","10":"taxable","11":"shipping-taxable","12":"purchasable","13":"product-type-simple"},"_links":{"self":[{"href":"https:\/\/thesweetseria.com\/es\/wp-json\/wp\/v2\/product\/8615","targetHints":{"allow":["GET"]}}],"collection":[{"href":"https:\/\/thesweetseria.com\/es\/wp-json\/wp\/v2\/product"}],"about":[{"href":"https:\/\/thesweetseria.com\/es\/wp-json\/wp\/v2\/types\/product"}],"replies":[{"embeddable":true,"href":"https:\/\/thesweetseria.com\/es\/wp-json\/wp\/v2\/comments?post=8615"}],"wp:featuredmedia":[{"embeddable":true,"href":"https:\/\/thesweetseria.com\/es\/wp-json\/wp\/v2\/media\/8616"}],"wp:attachment":[{"href":"https:\/\/thesweetseria.com\/es\/wp-json\/wp\/v2\/media?parent=8615"}],"wp:term":[{"taxonomy":"product_cat","embeddable":true,"href":"https:\/\/thesweetseria.com\/es\/wp-json\/wp\/v2\/product_cat?post=8615"},{"taxonomy":"product_tag","embeddable":true,"href":"https:\/\/thesweetseria.com\/es\/wp-json\/wp\/v2\/product_tag?post=8615"}],"curies":[{"name":"wp","href":"https:\/\/api.w.org\/{rel}","templated":true}]}}