{"id":8587,"date":"2022-08-03T16:56:20","date_gmt":"2022-08-03T16:56:20","guid":{"rendered":"https:\/\/thesweetseria.com\/?post_type=product&#038;p=8587"},"modified":"2026-02-09T12:26:25","modified_gmt":"2026-02-09T12:26:25","slug":"crush-cream-soda-355ml","status":"publish","type":"product","link":"https:\/\/thesweetseria.com\/es\/producto\/crush-cream-soda-355ml\/","title":{"rendered":"Crush Cream Soda 355ml"},"content":{"rendered":"","protected":false},"excerpt":{"rendered":"<p>Crush Cream Soda le ofrece una explosi\u00f3n de sabor cremoso y de ensue\u00f1o y unas burbujas que le har\u00e1n morder la lengua.<\/p>","protected":false},"featured_media":8588,"comment_status":"open","ping_status":"closed","template":"","meta":{"nf_dc_page":"","inline_featured_image":false},"product_cat":[90],"product_tag":[],"class_list":{"0":"post-8587","1":"product","2":"type-product","3":"status-publish","4":"has-post-thumbnail","6":"product_cat-drinks","8":"first","9":"instock","10":"taxable","11":"shipping-taxable","12":"purchasable","13":"product-type-simple"},"_links":{"self":[{"href":"https:\/\/thesweetseria.com\/es\/wp-json\/wp\/v2\/product\/8587","targetHints":{"allow":["GET"]}}],"collection":[{"href":"https:\/\/thesweetseria.com\/es\/wp-json\/wp\/v2\/product"}],"about":[{"href":"https:\/\/thesweetseria.com\/es\/wp-json\/wp\/v2\/types\/product"}],"replies":[{"embeddable":true,"href":"https:\/\/thesweetseria.com\/es\/wp-json\/wp\/v2\/comments?post=8587"}],"wp:featuredmedia":[{"embeddable":true,"href":"https:\/\/thesweetseria.com\/es\/wp-json\/wp\/v2\/media\/8588"}],"wp:attachment":[{"href":"https:\/\/thesweetseria.com\/es\/wp-json\/wp\/v2\/media?parent=8587"}],"wp:term":[{"taxonomy":"product_cat","embeddable":true,"href":"https:\/\/thesweetseria.com\/es\/wp-json\/wp\/v2\/product_cat?post=8587"},{"taxonomy":"product_tag","embeddable":true,"href":"https:\/\/thesweetseria.com\/es\/wp-json\/wp\/v2\/product_tag?post=8587"}],"curies":[{"name":"wp","href":"https:\/\/api.w.org\/{rel}","templated":true}]}}