{"id":8578,"date":"2022-08-03T16:47:59","date_gmt":"2022-08-03T16:47:59","guid":{"rendered":"https:\/\/thesweetseria.com\/?post_type=product&#038;p=8578"},"modified":"2025-11-08T12:24:42","modified_gmt":"2025-11-08T12:24:42","slug":"laffy-taffy-rope-banana-22g","status":"publish","type":"product","link":"https:\/\/thesweetseria.com\/es\/producto\/laffy-taffy-rope-banana-22g\/","title":{"rendered":"Laffy Taffy Rope Banana 22g"},"content":{"rendered":"","protected":false},"excerpt":{"rendered":"<p>Los caramelos Laffy Taffy Stretchy &amp; Tangy de sabor a pl\u00e1tano convierten cada bocado en un deleite para la boca con un sabor ligeramente \u00e1cido y una textura ultra-estirada hecha para saborear. Perfecto para tirar, reflexionar, masticar y pasar la tarde, Laffy Taffy Stretchy &amp; Tangy es una combinaci\u00f3n de inspiraci\u00f3n de caramelo que te har\u00e1 sonre\u00edr.<\/p>","protected":false},"featured_media":8580,"comment_status":"open","ping_status":"closed","template":"","meta":{"nf_dc_page":"","inline_featured_image":false},"product_cat":[108],"product_tag":[],"class_list":{"0":"post-8578","1":"product","2":"type-product","3":"status-publish","4":"has-post-thumbnail","6":"product_cat-candies","8":"first","9":"instock","10":"taxable","11":"shipping-taxable","12":"purchasable","13":"product-type-simple"},"_links":{"self":[{"href":"https:\/\/thesweetseria.com\/es\/wp-json\/wp\/v2\/product\/8578","targetHints":{"allow":["GET"]}}],"collection":[{"href":"https:\/\/thesweetseria.com\/es\/wp-json\/wp\/v2\/product"}],"about":[{"href":"https:\/\/thesweetseria.com\/es\/wp-json\/wp\/v2\/types\/product"}],"replies":[{"embeddable":true,"href":"https:\/\/thesweetseria.com\/es\/wp-json\/wp\/v2\/comments?post=8578"}],"wp:featuredmedia":[{"embeddable":true,"href":"https:\/\/thesweetseria.com\/es\/wp-json\/wp\/v2\/media\/8580"}],"wp:attachment":[{"href":"https:\/\/thesweetseria.com\/es\/wp-json\/wp\/v2\/media?parent=8578"}],"wp:term":[{"taxonomy":"product_cat","embeddable":true,"href":"https:\/\/thesweetseria.com\/es\/wp-json\/wp\/v2\/product_cat?post=8578"},{"taxonomy":"product_tag","embeddable":true,"href":"https:\/\/thesweetseria.com\/es\/wp-json\/wp\/v2\/product_tag?post=8578"}],"curies":[{"name":"wp","href":"https:\/\/api.w.org\/{rel}","templated":true}]}}