{"id":8532,"date":"2022-07-21T17:24:09","date_gmt":"2022-07-21T17:24:09","guid":{"rendered":"https:\/\/thesweetseria.com\/?post_type=product&#038;p=8532"},"modified":"2024-04-10T21:17:26","modified_gmt":"2024-04-10T21:17:26","slug":"hatakosen-yuzu-ramune-soda-100ml","status":"publish","type":"product","link":"https:\/\/thesweetseria.com\/es\/producto\/hatakosen-yuzu-ramune-soda-100ml\/","title":{"rendered":"Hatakosen Yuzu Ramune Soda 100ml"},"content":{"rendered":"","protected":false},"excerpt":{"rendered":"<p>Es muy conocida por el dise\u00f1o \u00fanico de su botella, hecha de cristal y sellada con una canica de vidrio. Esta es una de las razones por las que el Ramune es amado por tanta gente, especialmente por los ni\u00f1os que juegan a las canicas con la bola de cristal despu\u00e9s de beber. El Ramune ha crecido hasta convertirse en la bebida nacional de Jap\u00f3n.<\/p>\n<p>Es muy conocida por el dise\u00f1o \u00fanico de su botella, hecha de cristal y sellada con una canica de vidrio. Esta es una de las razones por las que el Ramune es amado por tanta gente, especialmente por los ni\u00f1os que juegan a las canicas con la bola de cristal despu\u00e9s de beber. El Ramune ha crecido hasta convertirse en la bebida nacional de Jap\u00f3n.<\/p>","protected":false},"featured_media":8524,"comment_status":"open","ping_status":"closed","template":"","meta":{"nf_dc_page":"","inline_featured_image":false},"product_cat":[90],"product_tag":[],"class_list":{"0":"post-8532","1":"product","2":"type-product","3":"status-publish","4":"has-post-thumbnail","6":"product_cat-drinks","8":"first","9":"outofstock","10":"taxable","11":"shipping-taxable","12":"purchasable","13":"product-type-simple"},"_links":{"self":[{"href":"https:\/\/thesweetseria.com\/es\/wp-json\/wp\/v2\/product\/8532","targetHints":{"allow":["GET"]}}],"collection":[{"href":"https:\/\/thesweetseria.com\/es\/wp-json\/wp\/v2\/product"}],"about":[{"href":"https:\/\/thesweetseria.com\/es\/wp-json\/wp\/v2\/types\/product"}],"replies":[{"embeddable":true,"href":"https:\/\/thesweetseria.com\/es\/wp-json\/wp\/v2\/comments?post=8532"}],"wp:featuredmedia":[{"embeddable":true,"href":"https:\/\/thesweetseria.com\/es\/wp-json\/wp\/v2\/media\/8524"}],"wp:attachment":[{"href":"https:\/\/thesweetseria.com\/es\/wp-json\/wp\/v2\/media?parent=8532"}],"wp:term":[{"taxonomy":"product_cat","embeddable":true,"href":"https:\/\/thesweetseria.com\/es\/wp-json\/wp\/v2\/product_cat?post=8532"},{"taxonomy":"product_tag","embeddable":true,"href":"https:\/\/thesweetseria.com\/es\/wp-json\/wp\/v2\/product_tag?post=8532"}],"curies":[{"name":"wp","href":"https:\/\/api.w.org\/{rel}","templated":true}]}}