{"id":8494,"date":"2022-07-13T12:44:15","date_gmt":"2022-07-13T12:44:15","guid":{"rendered":"https:\/\/thesweetseria.com\/?post_type=product&#038;p=8494"},"modified":"2022-12-11T16:42:29","modified_gmt":"2022-12-11T16:42:29","slug":"skittles-chewies-fruits-no-shell-45g","status":"publish","type":"product","link":"https:\/\/thesweetseria.com\/es\/producto\/skittles-chewies-fruits-no-shell-45g\/","title":{"rendered":"Skittles Chewies Fruits No shell 45g"},"content":{"rendered":"","protected":false},"excerpt":{"rendered":"<p>A estos caramelos suaves y de color pastel les falta su c\u00e1scara crujiente, pero no les falta sabor. No te preocupes, todos tus favoritos siguen ah\u00ed: naranja, lim\u00f3n, lima, fresa y (reservando lo mejor para el final) sabor a uva. \u00a1Te van a encantar!<\/p>","protected":false},"featured_media":8495,"comment_status":"open","ping_status":"closed","template":"","meta":{"nf_dc_page":"","inline_featured_image":false},"product_cat":[108],"product_tag":[],"class_list":{"0":"post-8494","1":"product","2":"type-product","3":"status-publish","4":"has-post-thumbnail","6":"product_cat-candies","8":"first","9":"outofstock","10":"taxable","11":"shipping-taxable","12":"purchasable","13":"product-type-simple"},"_links":{"self":[{"href":"https:\/\/thesweetseria.com\/es\/wp-json\/wp\/v2\/product\/8494","targetHints":{"allow":["GET"]}}],"collection":[{"href":"https:\/\/thesweetseria.com\/es\/wp-json\/wp\/v2\/product"}],"about":[{"href":"https:\/\/thesweetseria.com\/es\/wp-json\/wp\/v2\/types\/product"}],"replies":[{"embeddable":true,"href":"https:\/\/thesweetseria.com\/es\/wp-json\/wp\/v2\/comments?post=8494"}],"wp:featuredmedia":[{"embeddable":true,"href":"https:\/\/thesweetseria.com\/es\/wp-json\/wp\/v2\/media\/8495"}],"wp:attachment":[{"href":"https:\/\/thesweetseria.com\/es\/wp-json\/wp\/v2\/media?parent=8494"}],"wp:term":[{"taxonomy":"product_cat","embeddable":true,"href":"https:\/\/thesweetseria.com\/es\/wp-json\/wp\/v2\/product_cat?post=8494"},{"taxonomy":"product_tag","embeddable":true,"href":"https:\/\/thesweetseria.com\/es\/wp-json\/wp\/v2\/product_tag?post=8494"}],"curies":[{"name":"wp","href":"https:\/\/api.w.org\/{rel}","templated":true}]}}