{"id":8475,"date":"2022-07-12T06:52:40","date_gmt":"2022-07-12T06:52:40","guid":{"rendered":"https:\/\/thesweetseria.com\/?post_type=product&#038;p=8475"},"modified":"2025-08-20T16:36:36","modified_gmt":"2025-08-20T16:36:36","slug":"jarritos-mexican-cola-355ml","status":"publish","type":"product","link":"https:\/\/thesweetseria.com\/es\/producto\/jarritos-mexican-cola-355ml\/","title":{"rendered":"Jarritos Mexican Cola 355ml"},"content":{"rendered":"","protected":false},"excerpt":{"rendered":"<p>Esta gaseosa tiene una efervescencia ligeramente carbonatada y un refrescante sabor a cola mexicana con notas de vainilla y jengibre picante. Est\u00e1 elaborada con aut\u00e9nticos sabores frutales, aut\u00e9ntico az\u00facar de ca\u00f1a y nunca est\u00e1 hecha con jarabe de ma\u00edz de alta fructosa para ofrecer un dulzor limpio y sin almidones.<\/p>","protected":false},"featured_media":8476,"comment_status":"open","ping_status":"closed","template":"","meta":{"nf_dc_page":"","inline_featured_image":false},"product_cat":[90],"product_tag":[],"class_list":{"0":"post-8475","1":"product","2":"type-product","3":"status-publish","4":"has-post-thumbnail","6":"product_cat-drinks","8":"first","9":"outofstock","10":"taxable","11":"shipping-taxable","12":"purchasable","13":"product-type-simple"},"_links":{"self":[{"href":"https:\/\/thesweetseria.com\/es\/wp-json\/wp\/v2\/product\/8475","targetHints":{"allow":["GET"]}}],"collection":[{"href":"https:\/\/thesweetseria.com\/es\/wp-json\/wp\/v2\/product"}],"about":[{"href":"https:\/\/thesweetseria.com\/es\/wp-json\/wp\/v2\/types\/product"}],"replies":[{"embeddable":true,"href":"https:\/\/thesweetseria.com\/es\/wp-json\/wp\/v2\/comments?post=8475"}],"wp:featuredmedia":[{"embeddable":true,"href":"https:\/\/thesweetseria.com\/es\/wp-json\/wp\/v2\/media\/8476"}],"wp:attachment":[{"href":"https:\/\/thesweetseria.com\/es\/wp-json\/wp\/v2\/media?parent=8475"}],"wp:term":[{"taxonomy":"product_cat","embeddable":true,"href":"https:\/\/thesweetseria.com\/es\/wp-json\/wp\/v2\/product_cat?post=8475"},{"taxonomy":"product_tag","embeddable":true,"href":"https:\/\/thesweetseria.com\/es\/wp-json\/wp\/v2\/product_tag?post=8475"}],"curies":[{"name":"wp","href":"https:\/\/api.w.org\/{rel}","templated":true}]}}