{"id":8371,"date":"2022-06-03T11:59:14","date_gmt":"2022-06-03T11:59:14","guid":{"rendered":"https:\/\/thesweetseria.com\/?post_type=product&#038;p=8371"},"modified":"2025-10-02T17:32:03","modified_gmt":"2025-10-02T17:32:03","slug":"jarritos-mango-370ml","status":"publish","type":"product","link":"https:\/\/thesweetseria.com\/es\/producto\/jarritos-mango-370ml\/","title":{"rendered":"Jarritos Mango 370ml"},"content":{"rendered":"","protected":false},"excerpt":{"rendered":"<p>Esta bebida carbonatada destaca por su singular variedad de sabores frutales y colores brillantes que no se parecen a ning\u00fan otro. Jarritos obtiene sus deliciosos sabores de las frutas cultivadas en M\u00e9xico y se endulza con az\u00facar natural. Jarritos sabor Mango te trae el sabor fresco y \u00e1cido del mango, todo en una deliciosa botella.<\/p>","protected":false},"featured_media":8373,"comment_status":"open","ping_status":"closed","template":"","meta":{"nf_dc_page":"","inline_featured_image":false},"product_cat":[90],"product_tag":[],"class_list":{"0":"post-8371","1":"product","2":"type-product","3":"status-publish","4":"has-post-thumbnail","6":"product_cat-drinks","8":"first","9":"instock","10":"taxable","11":"shipping-taxable","12":"purchasable","13":"product-type-simple"},"_links":{"self":[{"href":"https:\/\/thesweetseria.com\/es\/wp-json\/wp\/v2\/product\/8371","targetHints":{"allow":["GET"]}}],"collection":[{"href":"https:\/\/thesweetseria.com\/es\/wp-json\/wp\/v2\/product"}],"about":[{"href":"https:\/\/thesweetseria.com\/es\/wp-json\/wp\/v2\/types\/product"}],"replies":[{"embeddable":true,"href":"https:\/\/thesweetseria.com\/es\/wp-json\/wp\/v2\/comments?post=8371"}],"wp:featuredmedia":[{"embeddable":true,"href":"https:\/\/thesweetseria.com\/es\/wp-json\/wp\/v2\/media\/8373"}],"wp:attachment":[{"href":"https:\/\/thesweetseria.com\/es\/wp-json\/wp\/v2\/media?parent=8371"}],"wp:term":[{"taxonomy":"product_cat","embeddable":true,"href":"https:\/\/thesweetseria.com\/es\/wp-json\/wp\/v2\/product_cat?post=8371"},{"taxonomy":"product_tag","embeddable":true,"href":"https:\/\/thesweetseria.com\/es\/wp-json\/wp\/v2\/product_tag?post=8371"}],"curies":[{"name":"wp","href":"https:\/\/api.w.org\/{rel}","templated":true}]}}