{"id":8340,"date":"2022-05-17T10:44:10","date_gmt":"2022-05-17T10:44:10","guid":{"rendered":"https:\/\/thesweetseria.com\/?post_type=product&#038;p=8340"},"modified":"2025-09-02T15:28:18","modified_gmt":"2025-09-02T15:28:18","slug":"laffy-taffy-mystery-swirl-23g","status":"publish","type":"product","link":"https:\/\/thesweetseria.com\/es\/producto\/laffy-taffy-mystery-swirl-23g\/","title":{"rendered":"Laffy Taffy Mystery Swirl 23g"},"content":{"rendered":"","protected":false},"excerpt":{"rendered":"<p>El Cl\u00e1sico Wonka's Laffy Taffy es una delicia rica en sabores afrutados y texturas masticables. Su sabor duradero le har\u00e1 masticar durante todo el d\u00eda. Este producto tiene forma de cuerda larga y es de sabor Mystery Swirl.<\/p>\n<p>&nbsp;<\/p>","protected":false},"featured_media":8341,"comment_status":"open","ping_status":"closed","template":"","meta":{"nf_dc_page":"","inline_featured_image":false},"product_cat":[108],"product_tag":[],"class_list":{"0":"post-8340","1":"product","2":"type-product","3":"status-publish","4":"has-post-thumbnail","6":"product_cat-candies","8":"first","9":"instock","10":"taxable","11":"shipping-taxable","12":"purchasable","13":"product-type-simple"},"_links":{"self":[{"href":"https:\/\/thesweetseria.com\/es\/wp-json\/wp\/v2\/product\/8340","targetHints":{"allow":["GET"]}}],"collection":[{"href":"https:\/\/thesweetseria.com\/es\/wp-json\/wp\/v2\/product"}],"about":[{"href":"https:\/\/thesweetseria.com\/es\/wp-json\/wp\/v2\/types\/product"}],"replies":[{"embeddable":true,"href":"https:\/\/thesweetseria.com\/es\/wp-json\/wp\/v2\/comments?post=8340"}],"wp:featuredmedia":[{"embeddable":true,"href":"https:\/\/thesweetseria.com\/es\/wp-json\/wp\/v2\/media\/8341"}],"wp:attachment":[{"href":"https:\/\/thesweetseria.com\/es\/wp-json\/wp\/v2\/media?parent=8340"}],"wp:term":[{"taxonomy":"product_cat","embeddable":true,"href":"https:\/\/thesweetseria.com\/es\/wp-json\/wp\/v2\/product_cat?post=8340"},{"taxonomy":"product_tag","embeddable":true,"href":"https:\/\/thesweetseria.com\/es\/wp-json\/wp\/v2\/product_tag?post=8340"}],"curies":[{"name":"wp","href":"https:\/\/api.w.org\/{rel}","templated":true}]}}