{"id":8330,"date":"2022-05-17T10:35:50","date_gmt":"2022-05-17T10:35:50","guid":{"rendered":"https:\/\/thesweetseria.com\/?post_type=product&#038;p=8330"},"modified":"2022-11-26T11:44:12","modified_gmt":"2022-11-26T11:44:12","slug":"chewy-lemonhead-tropical-23g","status":"publish","type":"product","link":"https:\/\/thesweetseria.com\/es\/producto\/chewy-lemonhead-tropical-23g\/","title":{"rendered":"Chewy Lemonhead Tropical 23g"},"content":{"rendered":"","protected":false},"excerpt":{"rendered":"<p>Experimente lo que Ferrara Candy, los fabricantes de Lemonhead &amp; Friends, llaman la \"masticabilidad\" de Chewy Lemonhead Tropical. Intensamente \u00e1cido e incre\u00edblemente masticable, cada pieza tiene dos sabores refrescantes en una potente mezcla agridulce: Kiwi-Fresa, Melocot\u00f3n-Mango, Sand\u00eda-Cereza, Limonada Rosa y Baya-Pl\u00e1tano.<\/p>\n<p>&nbsp;<\/p>","protected":false},"featured_media":8342,"comment_status":"open","ping_status":"closed","template":"","meta":{"nf_dc_page":"","inline_featured_image":false},"product_cat":[108],"product_tag":[],"class_list":{"0":"post-8330","1":"product","2":"type-product","3":"status-publish","4":"has-post-thumbnail","6":"product_cat-candies","8":"first","9":"outofstock","10":"taxable","11":"shipping-taxable","12":"purchasable","13":"product-type-simple"},"_links":{"self":[{"href":"https:\/\/thesweetseria.com\/es\/wp-json\/wp\/v2\/product\/8330","targetHints":{"allow":["GET"]}}],"collection":[{"href":"https:\/\/thesweetseria.com\/es\/wp-json\/wp\/v2\/product"}],"about":[{"href":"https:\/\/thesweetseria.com\/es\/wp-json\/wp\/v2\/types\/product"}],"replies":[{"embeddable":true,"href":"https:\/\/thesweetseria.com\/es\/wp-json\/wp\/v2\/comments?post=8330"}],"wp:featuredmedia":[{"embeddable":true,"href":"https:\/\/thesweetseria.com\/es\/wp-json\/wp\/v2\/media\/8342"}],"wp:attachment":[{"href":"https:\/\/thesweetseria.com\/es\/wp-json\/wp\/v2\/media?parent=8330"}],"wp:term":[{"taxonomy":"product_cat","embeddable":true,"href":"https:\/\/thesweetseria.com\/es\/wp-json\/wp\/v2\/product_cat?post=8330"},{"taxonomy":"product_tag","embeddable":true,"href":"https:\/\/thesweetseria.com\/es\/wp-json\/wp\/v2\/product_tag?post=8330"}],"curies":[{"name":"wp","href":"https:\/\/api.w.org\/{rel}","templated":true}]}}