{"id":8264,"date":"2022-04-12T11:39:43","date_gmt":"2022-04-12T11:39:43","guid":{"rendered":"https:\/\/thesweetseria.com\/?post_type=product&#038;p=8264"},"modified":"2025-05-07T20:59:53","modified_gmt":"2025-05-07T20:59:53","slug":"sour-patch-kids-watermelon-99g","status":"publish","type":"product","link":"https:\/\/thesweetseria.com\/es\/producto\/sour-patch-kids-watermelon-99g\/","title":{"rendered":"Sour Patch W\u00e1termelon 99g"},"content":{"rendered":"","protected":false},"excerpt":{"rendered":"<p>Sour Patch Sandia<\/p>\n<p>Cada caramelotiene un intenso sabor a sand\u00eda para ofrecer una explosi\u00f3n veraniega a tus papilas gustativas, y tienen forma de rodajas de sand\u00eda para a\u00f1adir emoci\u00f3n a tu merienda.<\/p>","protected":false},"featured_media":8263,"comment_status":"open","ping_status":"closed","template":"","meta":{"nf_dc_page":"","inline_featured_image":false},"product_cat":[108],"product_tag":[],"class_list":{"0":"post-8264","1":"product","2":"type-product","3":"status-publish","4":"has-post-thumbnail","6":"product_cat-candies","8":"first","9":"outofstock","10":"taxable","11":"shipping-taxable","12":"purchasable","13":"product-type-simple"},"_links":{"self":[{"href":"https:\/\/thesweetseria.com\/es\/wp-json\/wp\/v2\/product\/8264","targetHints":{"allow":["GET"]}}],"collection":[{"href":"https:\/\/thesweetseria.com\/es\/wp-json\/wp\/v2\/product"}],"about":[{"href":"https:\/\/thesweetseria.com\/es\/wp-json\/wp\/v2\/types\/product"}],"replies":[{"embeddable":true,"href":"https:\/\/thesweetseria.com\/es\/wp-json\/wp\/v2\/comments?post=8264"}],"wp:featuredmedia":[{"embeddable":true,"href":"https:\/\/thesweetseria.com\/es\/wp-json\/wp\/v2\/media\/8263"}],"wp:attachment":[{"href":"https:\/\/thesweetseria.com\/es\/wp-json\/wp\/v2\/media?parent=8264"}],"wp:term":[{"taxonomy":"product_cat","embeddable":true,"href":"https:\/\/thesweetseria.com\/es\/wp-json\/wp\/v2\/product_cat?post=8264"},{"taxonomy":"product_tag","embeddable":true,"href":"https:\/\/thesweetseria.com\/es\/wp-json\/wp\/v2\/product_tag?post=8264"}],"curies":[{"name":"wp","href":"https:\/\/api.w.org\/{rel}","templated":true}]}}