{"id":8240,"date":"2022-03-09T19:09:25","date_gmt":"2022-03-09T19:09:25","guid":{"rendered":"https:\/\/thesweetseria.com\/?post_type=product&#038;p=8240"},"modified":"2022-11-29T15:43:05","modified_gmt":"2022-11-29T15:43:05","slug":"oreo-os-cornflakes-350g","status":"publish","type":"product","link":"https:\/\/thesweetseria.com\/es\/producto\/oreo-os-cornflakes-350g\/","title":{"rendered":"Oreo o\u2019s Cereales 350g"},"content":{"rendered":"","protected":false},"excerpt":{"rendered":"<p>\u00a1Es el material del que est\u00e1n hechos los sue\u00f1os del desayuno! Bocados crujientes y chocolatosos en forma de O, con el sabor de las galletas OREO\u00ae que tanto te gusta y una rica cobertura de crema. Esta combinaci\u00f3n de sabores te da un taz\u00f3n de leche de galleta que sabe tan bien que lo terminar\u00e1s con una sonrisa.<\/p>","protected":false},"featured_media":8241,"comment_status":"open","ping_status":"closed","template":"","meta":{"nf_dc_page":"","inline_featured_image":false},"product_cat":[111],"product_tag":[],"class_list":{"0":"post-8240","1":"product","2":"type-product","3":"status-publish","4":"has-post-thumbnail","6":"product_cat-cereal","8":"first","9":"outofstock","10":"taxable","11":"shipping-taxable","12":"purchasable","13":"product-type-simple"},"_links":{"self":[{"href":"https:\/\/thesweetseria.com\/es\/wp-json\/wp\/v2\/product\/8240","targetHints":{"allow":["GET"]}}],"collection":[{"href":"https:\/\/thesweetseria.com\/es\/wp-json\/wp\/v2\/product"}],"about":[{"href":"https:\/\/thesweetseria.com\/es\/wp-json\/wp\/v2\/types\/product"}],"replies":[{"embeddable":true,"href":"https:\/\/thesweetseria.com\/es\/wp-json\/wp\/v2\/comments?post=8240"}],"wp:featuredmedia":[{"embeddable":true,"href":"https:\/\/thesweetseria.com\/es\/wp-json\/wp\/v2\/media\/8241"}],"wp:attachment":[{"href":"https:\/\/thesweetseria.com\/es\/wp-json\/wp\/v2\/media?parent=8240"}],"wp:term":[{"taxonomy":"product_cat","embeddable":true,"href":"https:\/\/thesweetseria.com\/es\/wp-json\/wp\/v2\/product_cat?post=8240"},{"taxonomy":"product_tag","embeddable":true,"href":"https:\/\/thesweetseria.com\/es\/wp-json\/wp\/v2\/product_tag?post=8240"}],"curies":[{"name":"wp","href":"https:\/\/api.w.org\/{rel}","templated":true}]}}